{"id":26,"date":"2021-01-19T23:44:28","date_gmt":"2021-01-19T23:44:28","guid":{"rendered":"https:\/\/total.wpexplorer.com\/square-media\/?page_id=26"},"modified":"2026-01-12T18:47:43","modified_gmt":"2026-01-12T18:47:43","slug":"contact","status":"publish","type":"page","link":"https:\/\/sirqc.com\/en\/contact\/","title":{"rendered":"Contact"},"content":{"rendered":"<div class=\"vc_row wpb_row vc_row-fluid vc_column-gap-20\"><div class=\"wpb_column vc_column_container vc_col-sm-12\"><div class=\"vc_column-inner\"><div class=\"wpb_wrapper\"><div class=\"vc_empty_space\"   style=\"height: 30px\"><span class=\"vc_empty_space_inner\"><\/span><\/div><style>.vcex-heading.vcex_69e18437de0bb{font-size:28px;}<\/style><div class=\"vcex-heading vcex-heading-plain vcex-module wpex-text-2xl wpex-font-normal wpex-mb-20 vcex_69e18437de0bb\"><span class=\"vcex-heading-inner wpex-inline-block\">Several offices in the province<\/span><\/div>\n\t<div style=\"font-family:Arial, Helvetica, sans-serif;\" class=\"wpb_text_column wpb_content_element\" >\n\t\t<div class=\"wpb_wrapper\">\n\t\t\t<p>Administrative office:<\/p>\n<p>900-7050 Wilfrid-Hamel Blvd, Qu\u00e9bec City, QC G2G 1A7<\/p>\n\n\t\t<\/div>\n\t<\/div>\n<div class=\"vcex-spacing wpex-w-100 wpex-clear\" style=\"height:20px;\"><\/div>\n\t<div style=\"font-family:Arial, Helvetica, sans-serif;\" class=\"wpb_text_column wpb_content_element\" >\n\t\t<div class=\"wpb_wrapper\">\n\t\t\t<p><strong>Toll free:<\/strong> <a href=\"tel: 18779482536\">(877) 948-2536<\/a><br \/>\n<strong>Qu\u00e9bec:<\/strong> <a href=\"tel: 14189482536\">(418) 948-2536<\/a><br \/>\n<strong>Montr\u00e9al:<\/strong> <a href=\"tel: 15145876577\">(514) 587-6577<\/a><\/p>\n\n\t\t<\/div>\n\t<\/div>\n<a href=\"mailto:info@sirqc.com\" class=\"vcex-button theme-txt-link inline\" style=\"color:#111111;font-size:24px;font-weight:300;\"><span class=\"vcex-button-inner theme-button-inner\">info@sirqc.com<\/span><\/a> <div class=\"vcex-spacing wpex-w-100 wpex-clear\"><\/div><style>.vcex-social-links.vcex_69e18437de9f3{font-size:16px;}.vcex-social-links.vcex_69e18437de9f3 .vcex-social-links__item{height:35px;}<\/style><div class=\"vcex-social-links vcex-module wpex-flex wpex-items-center wpex-flex-wrap wpex-social-btns vcex-social-btns wpex-gap-15 wpex-last-mr-0 vcex_69e18437de9f3\"><a  href=\"https:\/\/twitter.com\/wpexplorer\/\" class=\"vcex-social-links__item wpex-social-btn wpex-social-btn-black-ch wpex-social-bg-hover wpex-inline-flex wpex-flex-column wpex-items-center wpex-justify-center wpex-leading-none wpex-twitter\" title=\"Twitter\" style=\"width:40px;\"><span class=\"vcex-social-links__icon ticon ticon-twitter\" aria-hidden=\"true\"><\/span><span class=\"screen-reader-text\">Twitter<\/span><\/a><a  href=\"https:\/\/www.facebook.com\/WPExplorerThemes\/\" class=\"vcex-social-links__item wpex-social-btn wpex-social-btn-black-ch wpex-social-bg-hover wpex-inline-flex wpex-flex-column wpex-items-center wpex-justify-center wpex-leading-none wpex-facebook\" title=\"Facebook\" style=\"width:40px;\"><span class=\"vcex-social-links__icon ticon ticon-facebook\" aria-hidden=\"true\"><\/span><span class=\"screen-reader-text\">Facebook<\/span><\/a><a  href=\"https:\/\/www.linkedin.com\/\" class=\"vcex-social-links__item wpex-social-btn wpex-social-btn-black-ch wpex-social-bg-hover wpex-inline-flex wpex-flex-column wpex-items-center wpex-justify-center wpex-leading-none wpex-linkedin\" title=\"LinkedIn\" style=\"width:40px;\"><span class=\"vcex-social-links__icon ticon ticon-linkedin\" aria-hidden=\"true\"><\/span><span class=\"screen-reader-text\">LinkedIn<\/span><\/a><\/div><div class=\"vc_empty_space\"   style=\"height: 30px\"><span class=\"vc_empty_space_inner\"><\/span><\/div>\n\t<div class=\"wpb_raw_code wpb_content_element wpb_raw_html\" >\n\t\t<div class=\"wpb_wrapper\">\n\t\t\t<iframe src=\"https:\/\/www.google.com\/maps\/embed?pb=!1m14!1m8!1m3!1d10925.225666947441!2d-71.323513!3d46.7982697!3m2!1i1024!2i768!4f13.1!3m3!1m2!1s0x0%3A0x62a83e59d193afa!2sSir%20Quebec%20Inc!5e0!3m2!1sen!2sca!4v1648489430226!5m2!1sen!2sca\" width=\"600\" height=\"450\" style=\"border:0;\" allowfullscreen=\"\" loading=\"lazy\" referrerpolicy=\"no-referrer-when-downgrade\"><\/iframe>\n\t\t<\/div>\n\t<\/div>\n<div class=\"vc_empty_space\"   style=\"height: 30px\"><span class=\"vc_empty_space_inner\"><\/span><\/div>\n\t<div class=\"wpb_raw_code wpb_content_element wpb_raw_html\" >\n\t\t<div class=\"wpb_wrapper\">\n\t\t\t<iframe width='700px' height='750px' src='https:\/\/forms.zohopublic.com\/serviceinvestigationetrecher\/form\/SIRContactForm\/formperma\/eafEDDsEia84IeFI3tKD16gw5cwWmIey-Q0FEtlr8xI'><\/iframe>\n\t\t<\/div>\n\t<\/div>\n<\/div><\/div><\/div><\/div>","protected":false},"excerpt":{"rendered":"Plusieurs bureaux dans la province Bureau administratif 900-7050 boul. Wilfrid-Hamel, Qu\u00e9bec, QC G2G 1A7 Sans frais: (877) 948-2536 Qu\u00e9bec: (418) 948-2536 Montr\u00e9al: (514) 587-6577 info@sirqc.com TwitterFacebookLinkedIn","protected":false},"author":1,"featured_media":0,"parent":0,"menu_order":0,"comment_status":"closed","ping_status":"closed","template":"templates\/right-sidebar.php","meta":{"footnotes":""},"_links":{"self":[{"href":"https:\/\/sirqc.com\/en\/wp-json\/wp\/v2\/pages\/26"}],"collection":[{"href":"https:\/\/sirqc.com\/en\/wp-json\/wp\/v2\/pages"}],"about":[{"href":"https:\/\/sirqc.com\/en\/wp-json\/wp\/v2\/types\/page"}],"author":[{"embeddable":true,"href":"https:\/\/sirqc.com\/en\/wp-json\/wp\/v2\/users\/1"}],"replies":[{"embeddable":true,"href":"https:\/\/sirqc.com\/en\/wp-json\/wp\/v2\/comments?post=26"}],"version-history":[{"count":10,"href":"https:\/\/sirqc.com\/en\/wp-json\/wp\/v2\/pages\/26\/revisions"}],"predecessor-version":[{"id":468,"href":"https:\/\/sirqc.com\/en\/wp-json\/wp\/v2\/pages\/26\/revisions\/468"}],"wp:attachment":[{"href":"https:\/\/sirqc.com\/en\/wp-json\/wp\/v2\/media?parent=26"}],"curies":[{"name":"wp","href":"https:\/\/api.w.org\/{rel}","templated":true}]}}