{"id":292,"date":"2022-03-25T19:16:27","date_gmt":"2022-03-25T19:16:27","guid":{"rendered":"https:\/\/34.95.16.201\/?page_id=292"},"modified":"2026-01-09T20:36:49","modified_gmt":"2026-01-09T20:36:49","slug":"localisation","status":"publish","type":"page","link":"https:\/\/sirqc.com\/en\/localisation\/","title":{"rendered":"Localization"},"content":{"rendered":"<div class=\"vc_row wpb_row vc_row-fluid\"><div class=\"wpb_column vc_column_container vc_col-sm-12\"><div class=\"vc_column-inner\"><div class=\"wpb_wrapper\">\n\t<div  class=\"wpb_single_image wpb_content_element vc_align_\">\n\t\t\n\t\t<figure class=\"wpb_wrapper vc_figure\">\n\t\t\t<div class=\"vc_single_image-wrapper   vc_box_border_grey\"><img width=\"870\" height=\"354\" src=\"https:\/\/sirqc.com\/wp-content\/uploads\/2022\/03\/locate-big.jpg\" class=\"vc_single_image-img attachment-full\" alt=\"\" decoding=\"async\" title=\"Localization\" loading=\"lazy\" srcset=\"https:\/\/sirqc.com\/wp-content\/uploads\/2022\/03\/locate-big.jpg 870w, https:\/\/sirqc.com\/wp-content\/uploads\/2022\/03\/locate-big-300x122.jpg 300w, https:\/\/sirqc.com\/wp-content\/uploads\/2022\/03\/locate-big-768x312.jpg 768w\" sizes=\"(max-width: 870px) 100vw, 870px\" \/><\/div>\n\t\t<span class=\"wpb_single_image_caption\">Localization<\/span><\/figure>\n\t<\/div>\n<\/div><\/div><\/div><\/div><div class=\"vc_row wpb_row vc_row-fluid\"><div class=\"wpb_column vc_column_container vc_col-sm-12\"><div class=\"vc_column-inner\"><div class=\"wpb_wrapper\">\n\t<div class=\"wpb_text_column wpb_content_element\" >\n\t\t<div class=\"wpb_wrapper\">\n\t\t\t<div class=\"ABC nxs-height100\">\n<div class=\"XYZ\">\n<div class=\"nxs-placeholder-content-wrap nxs-crop\">\n<div id=\"nxs-widget-l1265175964\" class=\"nxs-widget nxs-widget-l1265175964 nxs-text\">\n<div class=\"nxs-default-p nxs-applylinkvarcolor nxs-padding-bottom0 nxs-align-left\">\n<div class=\"nxs-main\">\n<div class=\"nxs-article-container nxs-widgets-editable nxs-elements-container nxs-post-458\">\n<div class=\"nxs-postrows\">\n<div id=\"nxs-pagerow-prid1342000657\" class=\"nxs-row nxs-not-unistyled nxs-rowtemplate-one\">\n<div class=\"nxs-row-container nxs-containsimmediatehovermenu nxs-row1\">\n<div class=\"ABC nxs-height100\">\n<div class=\"XYZ\">\n<div class=\"nxs-placeholder-content-wrap nxs-crop\">\n<div id=\"nxs-widget-l1265175964\" class=\"nxs-widget nxs-widget-l1265175964 nxs-text\">\n<div class=\"nxs-default-p nxs-applylinkvarcolor nxs-padding-bottom0 nxs-align-left\">\n<h2>Individual<\/h2>\n<p>You need to have a court case served?Do you need to serve legal process, but cannot locate the subject?Based on the information you have, SIR Quebec will try by all legal means to obtainthe new coordinates.<\/p>\n<p>Whether the subject is in a housing resource, hospitalized, out of the country, incarcerated or deceased, SIR Quebec will do everything in its power to find out the subject's situation and inform you.<\/p>\n<h2>Vehicle<\/h2>\n<p>Access to passenger vehicle leasing has become easier in recent years with the arrival of second and third chance credit dealers on the market. However, these transactions carry a higher level of risk than those offered by traditional dealers.<\/p>\n<p class=\"zw-paragraph\" data-doc-id=\"665035000007587030\">When the financial burden becomes too heavy, some lessees stop making their payments or issue insufficient funds cheques. To help prevent the consumer from sinking further into financial trouble, they may be offered the option to voluntarily return their vehicle in order to be released from future contractual obligations.<\/p>\n<p class=\"zw-paragraph\">Our vehicle recovery and tracking teams operate across Canada and will deliver your car to the location of your choice.<\/p>\n<h2>Merchandise<\/h2>\n<p><span data-doc-id=\"665035000007587030\">Following a judgment rendered in your favor, or in the event of theft or loss of equipment of any kind, SIR Qu\u00e9bec can help you locate these assets and return them to your possession within a reasonable timeframe, depending on the nature of the items to be recovered<\/span>.<\/p>\n<h2>Fugue et disparition<\/h2>\n<p>Every day, people go missing. In the majority of cases, they come back on their own, but for others, c'is more complicated. The police investigate when it may be an abduction. As far as runaways are concerned, they do not have sufficient human resources to deal with each case as a priority. As for the media, they only cover spectacular or dramatic cases.<\/p>\n<p class=\"zw-paragraph\" data-doc-id=\"665035000007587030\">In short, the majority of disappearance and runaway cases often go unnoticed, and relatively few direct and immediate actions are taken to locate the individuals. SIR Qu\u00e9bec specializes in this type of case. It has been involved in numerous files, some of which have received media coverage. SIR Qu\u00e9bec locates runaways by acting quickly and physically going to the locations involved. Due to a lack of resources, police services often limit their role to taking the report and cross checking the information. SIR Qu\u00e9bec has an excellent success rate because its agents are familiar with the difficult environments in which young people often find themselves when they run away. SIR Qu\u00e9bec does not judge, it takes action.<\/p>\n<h2>Legacy<\/h2>\n<p class=\"zw-paragraph\" data-doc-id=\"665035000007587030\"><span data-doc-id=\"665035000007587030\">You wish\u00a0<\/span>Looking to find an heir, locate assets that belonged to a deceased person, or obtain an overview of their financial situation? Our research team can help you.<\/p>\n<\/div>\n<\/div>\n<\/div>\n<\/div>\n<\/div>\n<\/div>\n<\/div>\n<\/div>\n<\/div>\n<\/div>\n<\/div>\n<\/div>\n<\/div>\n<\/div>\n<\/div>\n\n\t\t<\/div>\n\t<\/div>\n<\/div><\/div><\/div><\/div>","protected":false},"excerpt":{"rendered":"Localisation Individu Vous devez faire signifier une action en justice, mais n\u2019arrivez pas \u00e0 localiser le sujet?\u00a0\u00c0 partir des\u00a0renseignements que vous poss\u00e9dez, le SIR Qu\u00e9bec tentera par tous les moyens l\u00e9gaux de\u00a0vous procurer les\u00a0nouvelles\u00a0coordonn\u00e9es. Que le sujet soit dans une ressource d\u2019h\u00e9bergement, hospitalis\u00e9, \u00e0 l\u2019ext\u00e9rieur du pays, incarc\u00e9r\u00e9 ou d\u00e9c\u00e9d\u00e9, le SIR Qu\u00e9bec fera tout&hellip;","protected":false},"author":1,"featured_media":0,"parent":0,"menu_order":0,"comment_status":"closed","ping_status":"closed","template":"templates\/right-sidebar.php","meta":{"footnotes":""},"_links":{"self":[{"href":"https:\/\/sirqc.com\/en\/wp-json\/wp\/v2\/pages\/292"}],"collection":[{"href":"https:\/\/sirqc.com\/en\/wp-json\/wp\/v2\/pages"}],"about":[{"href":"https:\/\/sirqc.com\/en\/wp-json\/wp\/v2\/types\/page"}],"author":[{"embeddable":true,"href":"https:\/\/sirqc.com\/en\/wp-json\/wp\/v2\/users\/1"}],"replies":[{"embeddable":true,"href":"https:\/\/sirqc.com\/en\/wp-json\/wp\/v2\/comments?post=292"}],"version-history":[{"count":3,"href":"https:\/\/sirqc.com\/en\/wp-json\/wp\/v2\/pages\/292\/revisions"}],"predecessor-version":[{"id":458,"href":"https:\/\/sirqc.com\/en\/wp-json\/wp\/v2\/pages\/292\/revisions\/458"}],"wp:attachment":[{"href":"https:\/\/sirqc.com\/en\/wp-json\/wp\/v2\/media?parent=292"}],"curies":[{"name":"wp","href":"https:\/\/api.w.org\/{rel}","templated":true}]}}