{"id":295,"date":"2022-03-25T19:18:23","date_gmt":"2022-03-25T19:18:23","guid":{"rendered":"https:\/\/34.95.16.201\/?page_id=295"},"modified":"2026-01-09T20:39:33","modified_gmt":"2026-01-09T20:39:33","slug":"enquete","status":"publish","type":"page","link":"https:\/\/sirqc.com\/en\/enquete\/","title":{"rendered":"Inquiry"},"content":{"rendered":"<div class=\"vc_row wpb_row vc_row-fluid\"><div class=\"wpb_column vc_column_container vc_col-sm-12\"><div class=\"vc_column-inner\"><div class=\"wpb_wrapper\">\n\t<div  class=\"wpb_single_image wpb_content_element vc_align_\">\n\t\t\n\t\t<figure class=\"wpb_wrapper vc_figure\">\n\t\t\t<div class=\"vc_single_image-wrapper   vc_box_border_grey\"><img width=\"848\" height=\"345\" src=\"https:\/\/sirqc.com\/wp-content\/uploads\/2022\/03\/corporate-big.jpg\" class=\"vc_single_image-img attachment-full\" alt=\"\" decoding=\"async\" title=\"Inquiry\" loading=\"lazy\" srcset=\"https:\/\/sirqc.com\/wp-content\/uploads\/2022\/03\/corporate-big.jpg 848w, https:\/\/sirqc.com\/wp-content\/uploads\/2022\/03\/corporate-big-300x122.jpg 300w, https:\/\/sirqc.com\/wp-content\/uploads\/2022\/03\/corporate-big-768x312.jpg 768w\" sizes=\"(max-width: 848px) 100vw, 848px\" \/><\/div>\n\t\t<span class=\"wpb_single_image_caption\">Inquiry<\/span><\/figure>\n\t<\/div>\n<\/div><\/div><\/div><\/div><div class=\"vc_row wpb_row vc_row-fluid\"><div class=\"wpb_column vc_column_container vc_col-sm-12\"><div class=\"vc_column-inner\"><div class=\"wpb_wrapper\">\n\t<div class=\"wpb_text_column wpb_content_element\" >\n\t\t<div class=\"wpb_wrapper\">\n\t\t\t<div class=\"ABC nxs-height100\">\n<div class=\"XYZ\">\n<div class=\"nxs-placeholder-content-wrap nxs-crop\">\n<div id=\"nxs-widget-l1265175964\" class=\"nxs-widget nxs-widget-l1265175964 nxs-text\">\n<div class=\"nxs-default-p nxs-applylinkvarcolor nxs-padding-bottom0 nxs-align-left\">\n<div class=\"nxs-main\">\n<div class=\"nxs-article-container nxs-widgets-editable nxs-elements-container nxs-post-458\">\n<div class=\"nxs-postrows\">\n<div id=\"nxs-pagerow-prid1342000657\" class=\"nxs-row nxs-not-unistyled nxs-rowtemplate-one\">\n<div class=\"nxs-row-container nxs-containsimmediatehovermenu nxs-row1\">\n<div class=\"ABC nxs-height100\">\n<div class=\"XYZ\">\n<div class=\"nxs-placeholder-content-wrap nxs-crop\">\n<div id=\"nxs-widget-l1265175964\" class=\"nxs-widget nxs-widget-l1265175964 nxs-text\">\n<div class=\"nxs-default-p nxs-applylinkvarcolor nxs-padding-bottom0 nxs-align-left\">\n<h2>Criminal record<\/h2>\n<p>Our criminal record check up is fast, comprehensive and allows you to find out if an individual has been brought to justice, both criminally and civilly, in all courts of law in the country.<\/p>\n<h2>Individuals credit reputation<\/h2>\n<p>A general credit check will allow you to learn more about an individual's financial habits and determine their ability and willingness to repay loans.<\/p>\n<h2>Commercial credit reputation<\/h2>\n<p>A credit check on the target company and its subsidiaries or associated companies, as well as its reputation with suppliers.<\/p>\n<h2>CNESST<\/h2>\n<p>The verification service offered by SIR Qu\u00e9bec allows you to get an accurate assessment of disability cases, CNESST files, fraudulent claims, or even an individual\u2019s chronic absenteeism.<\/p>\n<p>This way, you will save time and money by preventing the hiring of unsuitable candidates.<\/p>\n<h2>Fraud and theft against the employer<\/h2>\n<p>Statistics show just how damaging employee fraud is for Canadian businesses. We offer new investigative and evidence gathering methods to detect fraudsters and thieves.<\/p>\n<h2>Pre-employment<\/h2>\n<p>When selecting new candidates, there is often not enough time to validate the information provided in the job application. To avoid unpleasant surprises, our pre employment investigation service allows you to obtain references from the candidate\u2019s last three employers, a criminal and judicial background check, confirmation of diplomas or educational certificates obtained, as well as a general profile of the candidate.<\/p>\n<p>We also have the expertise required to design job application or reference forms, as well as general tests in French, English, and computer knowledge.<\/p>\n<p>We can also, if necessary, design personality or psychometric tests tailored to your needs.<\/p>\n<h2>Pre leasing<\/h2>\n<p>To help ensure the good reputation of your future tenants, we conduct a credit investigation as well as a confirmation of good conduct with their former landlords or property managers.<\/p>\n<\/div>\n<\/div>\n<\/div>\n<\/div>\n<\/div>\n<\/div>\n<\/div>\n<\/div>\n<\/div>\n<\/div>\n<\/div>\n<\/div>\n<\/div>\n<\/div>\n<\/div>\n\n\t\t<\/div>\n\t<\/div>\n<\/div><\/div><\/div><\/div>","protected":false},"excerpt":{"rendered":"Enqu\u00eate Ant\u00e9c\u00e9dents judiciaires Notre v\u00e9rification d'ant\u00e9c\u00e9dents judiciaires\u00a0est rapide, compl\u00e8te et vous permet de savoir si un individu a \u00e9t\u00e9 traduit en justice, autant au criminel qu\u2019au civil, au sein de toutes les instances judiciaires du pays. R\u00e9putation de cr\u00e9dit particulier Une enqu\u00eate de cr\u00e9dit g\u00e9n\u00e9rale vous permettra d\u2019en savoir plus sur les habitudes financi\u00e8res d\u2019un&hellip;","protected":false},"author":1,"featured_media":0,"parent":0,"menu_order":0,"comment_status":"closed","ping_status":"closed","template":"templates\/right-sidebar.php","meta":{"footnotes":""},"_links":{"self":[{"href":"https:\/\/sirqc.com\/en\/wp-json\/wp\/v2\/pages\/295"}],"collection":[{"href":"https:\/\/sirqc.com\/en\/wp-json\/wp\/v2\/pages"}],"about":[{"href":"https:\/\/sirqc.com\/en\/wp-json\/wp\/v2\/types\/page"}],"author":[{"embeddable":true,"href":"https:\/\/sirqc.com\/en\/wp-json\/wp\/v2\/users\/1"}],"replies":[{"embeddable":true,"href":"https:\/\/sirqc.com\/en\/wp-json\/wp\/v2\/comments?post=295"}],"version-history":[{"count":5,"href":"https:\/\/sirqc.com\/en\/wp-json\/wp\/v2\/pages\/295\/revisions"}],"predecessor-version":[{"id":459,"href":"https:\/\/sirqc.com\/en\/wp-json\/wp\/v2\/pages\/295\/revisions\/459"}],"wp:attachment":[{"href":"https:\/\/sirqc.com\/en\/wp-json\/wp\/v2\/media?parent=295"}],"curies":[{"name":"wp","href":"https:\/\/api.w.org\/{rel}","templated":true}]}}