{"id":299,"date":"2022-03-25T19:20:13","date_gmt":"2022-03-25T19:20:13","guid":{"rendered":"https:\/\/34.95.16.201\/?page_id=299"},"modified":"2026-01-09T20:46:40","modified_gmt":"2026-01-09T20:46:40","slug":"enquete-domestique","status":"publish","type":"page","link":"https:\/\/sirqc.com\/en\/enquete-domestique\/","title":{"rendered":"Domestic investigation"},"content":{"rendered":"<div class=\"vc_row wpb_row vc_row-fluid\"><div class=\"wpb_column vc_column_container vc_col-sm-12\"><div class=\"vc_column-inner\"><div class=\"wpb_wrapper\">\n\t<div  class=\"wpb_single_image wpb_content_element vc_align_\">\n\t\t\n\t\t<figure class=\"wpb_wrapper vc_figure\">\n\t\t\t<div class=\"vc_single_image-wrapper   vc_box_border_grey\"><img width=\"848\" height=\"345\" src=\"https:\/\/sirqc.com\/wp-content\/uploads\/2022\/03\/domestic-big.jpg\" class=\"vc_single_image-img attachment-full\" alt=\"\" decoding=\"async\" title=\"domestic-big\" loading=\"lazy\" srcset=\"https:\/\/sirqc.com\/wp-content\/uploads\/2022\/03\/domestic-big.jpg 848w, https:\/\/sirqc.com\/wp-content\/uploads\/2022\/03\/domestic-big-300x122.jpg 300w, https:\/\/sirqc.com\/wp-content\/uploads\/2022\/03\/domestic-big-768x312.jpg 768w\" sizes=\"(max-width: 848px) 100vw, 848px\" \/><\/div>\n\t\t<span class=\"wpb_single_image_caption\">Domestic investigation<\/span><\/figure>\n\t<\/div>\n<\/div><\/div><\/div><\/div><div class=\"vc_row wpb_row vc_row-fluid\"><div class=\"wpb_column vc_column_container vc_col-sm-12\"><div class=\"vc_column-inner\"><div class=\"wpb_wrapper\">\n\t<div class=\"wpb_text_column wpb_content_element\" >\n\t\t<div class=\"wpb_wrapper\">\n\t\t\t<div class=\"ABC nxs-height100\">\n<div class=\"XYZ\">\n<div class=\"nxs-placeholder-content-wrap nxs-crop\">\n<div id=\"nxs-widget-l1265175964\" class=\"nxs-widget nxs-widget-l1265175964 nxs-text\">\n<div class=\"nxs-default-p nxs-applylinkvarcolor nxs-padding-bottom0 nxs-align-left\">\n<div class=\"nxs-main\">\n<div class=\"nxs-article-container nxs-widgets-editable nxs-elements-container nxs-post-458\">\n<div class=\"nxs-postrows\">\n<div id=\"nxs-pagerow-prid1342000657\" class=\"nxs-row nxs-not-unistyled nxs-rowtemplate-one\">\n<div class=\"nxs-row-container nxs-containsimmediatehovermenu nxs-row1\">\n<div class=\"ABC nxs-height100\">\n<div class=\"XYZ\">\n<div class=\"nxs-placeholder-content-wrap nxs-crop\">\n<div id=\"nxs-widget-l1265175964\" class=\"nxs-widget nxs-widget-l1265175964 nxs-text\">\n<div class=\"nxs-default-p nxs-applylinkvarcolor nxs-padding-bottom0 nxs-align-left\">\n<div id=\"nxs-pagerow-prid1342000657\" class=\"nxs-row nxs-not-unistyled nxs-rowtemplate-one\">\n<div class=\"nxs-row-container nxs-containsimmediatehovermenu nxs-row1\">\n<div class=\"ABC nxs-height100\">\n<div class=\"XYZ\">\n<div class=\"nxs-placeholder-content-wrap nxs-crop\">\n<div id=\"nxs-widget-l1265175964\" class=\"nxs-widget nxs-widget-l1265175964 nxs-text\">\n<div class=\"nxs-default-p nxs-applylinkvarcolor nxs-padding-bottom0 nxs-align-left\">\n<h2>Marital infidelity<\/h2>\n<p><span data-doc-id=\"665035000007587030\">When doubts arise about your partner's whereabouts, it is better to know for sure than to experience the uncertainty and discouragement of infidelity.<\/span><\/p>\n<h2>Child support<\/h2>\n<p class=\" translation-block\">Unfortunately, separations do not always occur on good terms, and one or more children can become caught in the conflict. If you have doubts about the income source of the ex spouse who is paying child support, our investigators will propose an investigation plan that allows you to gather the necessary evidence for your situation, thereby facilitating the negotiation of an agreement or your defense in court.<\/p>\n<h2>Criminal background check<\/h2>\n<p>Our criminal record check up is fast, comprehensive and allows you to find out if an individual has been brought to justice, both criminally and civilly, in any court in the country.<\/p>\n<h2>Searching for information during a divorce<\/h2>\n<\/div>\n<\/div>\n<\/div>\n<\/div>\n<\/div>\n<\/div>\n<\/div>\n<div id=\"nxs-pagerow-prid1302951605\" class=\"nxs-row nxs-not-unistyled nxs-rowtemplate-one\">\n<div class=\"nxs-row-container nxs-containsimmediatehovermenu nxs-row1\">\n<div class=\"ABC nxs-height100\">\n<div class=\"XYZ\">\n<div class=\"nxs-placeholder-content-wrap nxs-crop\">\n<div id=\"nxs-widget-l2057135320\" class=\"nxs-widget nxs-widget-l2057135320 nxs-text\">\n<div class=\"nxs-default-p nxs-applylinkvarcolor nxs-padding-bottom0 nxs-align-left\">\n<ul>\n<li>Detailed report<\/li>\n<li>Pictures<\/li>\n<li>Videos<\/li>\n<\/ul>\n<\/div>\n<\/div>\n<\/div>\n<\/div>\n<\/div>\n<\/div>\n<\/div>\n<\/div>\n<\/div>\n<\/div>\n<\/div>\n<\/div>\n<\/div>\n<\/div>\n<\/div>\n<\/div>\n<\/div>\n<\/div>\n<\/div>\n<\/div>\n<\/div>\n<\/div>\n\n\t\t<\/div>\n\t<\/div>\n<\/div><\/div><\/div><\/div>","protected":false},"excerpt":{"rendered":"Enqu\u00eate domestique Infid\u00e9lit\u00e9 conjugale Lorsque des doutes s\u2019installent sur les all\u00e9es et venues de votre conjoint(e), il vaut mieux en avoir le c\u0153ur net\u00a0plut\u00f4t que de vivre l\u2019incertitude et le d\u00e9couragement reli\u00e9s \u00e0 l\u2019infid\u00e9lit\u00e9. Pension alimentaire Malheureusement, les s\u00e9parations ne se font pas toujours en bons termes et un ou plusieurs enfants peuvent se retrouver&hellip;","protected":false},"author":1,"featured_media":0,"parent":0,"menu_order":0,"comment_status":"closed","ping_status":"closed","template":"templates\/right-sidebar.php","meta":{"footnotes":""},"_links":{"self":[{"href":"https:\/\/sirqc.com\/en\/wp-json\/wp\/v2\/pages\/299"}],"collection":[{"href":"https:\/\/sirqc.com\/en\/wp-json\/wp\/v2\/pages"}],"about":[{"href":"https:\/\/sirqc.com\/en\/wp-json\/wp\/v2\/types\/page"}],"author":[{"embeddable":true,"href":"https:\/\/sirqc.com\/en\/wp-json\/wp\/v2\/users\/1"}],"replies":[{"embeddable":true,"href":"https:\/\/sirqc.com\/en\/wp-json\/wp\/v2\/comments?post=299"}],"version-history":[{"count":5,"href":"https:\/\/sirqc.com\/en\/wp-json\/wp\/v2\/pages\/299\/revisions"}],"predecessor-version":[{"id":461,"href":"https:\/\/sirqc.com\/en\/wp-json\/wp\/v2\/pages\/299\/revisions\/461"}],"wp:attachment":[{"href":"https:\/\/sirqc.com\/en\/wp-json\/wp\/v2\/media?parent=299"}],"curies":[{"name":"wp","href":"https:\/\/api.w.org\/{rel}","templated":true}]}}