{"id":302,"date":"2022-03-25T19:21:40","date_gmt":"2022-03-25T19:21:40","guid":{"rendered":"https:\/\/34.95.16.201\/?page_id=302"},"modified":"2026-01-09T20:49:49","modified_gmt":"2026-01-09T20:49:49","slug":"solvabilite-actifs","status":"publish","type":"page","link":"https:\/\/sirqc.com\/en\/solvabilite-actifs\/","title":{"rendered":"Solvency \/ Assets"},"content":{"rendered":"<div class=\"vc_row wpb_row vc_row-fluid\"><div class=\"wpb_column vc_column_container vc_col-sm-12\"><div class=\"vc_column-inner\"><div class=\"wpb_wrapper\">\n\t<div  class=\"wpb_single_image wpb_content_element vc_align_\">\n\t\t\n\t\t<figure class=\"wpb_wrapper vc_figure\">\n\t\t\t<div class=\"vc_single_image-wrapper   vc_box_border_grey\"><img width=\"1200\" height=\"628\" src=\"https:\/\/sirqc.com\/wp-content\/uploads\/2022\/11\/SIR-Quebec-visuels-Octobre-2022-2-2.jpg\" class=\"vc_single_image-img attachment-full\" alt=\"Solvabilit\u00e9 \/ Actifs\" decoding=\"async\" title=\"Solvency \/ Assets\" loading=\"lazy\" srcset=\"https:\/\/sirqc.com\/wp-content\/uploads\/2022\/11\/SIR-Quebec-visuels-Octobre-2022-2-2.jpg 1200w, https:\/\/sirqc.com\/wp-content\/uploads\/2022\/11\/SIR-Quebec-visuels-Octobre-2022-2-2-300x157.jpg 300w, https:\/\/sirqc.com\/wp-content\/uploads\/2022\/11\/SIR-Quebec-visuels-Octobre-2022-2-2-1024x536.jpg 1024w, https:\/\/sirqc.com\/wp-content\/uploads\/2022\/11\/SIR-Quebec-visuels-Octobre-2022-2-2-768x402.jpg 768w, https:\/\/sirqc.com\/wp-content\/uploads\/2022\/11\/SIR-Quebec-visuels-Octobre-2022-2-2-18x9.jpg 18w\" sizes=\"(max-width: 1200px) 100vw, 1200px\" \/><\/div>\n\t\t<span class=\"wpb_single_image_caption\">Solvency \/ Assets<\/span><\/figure>\n\t<\/div>\n<\/div><\/div><\/div><\/div><div class=\"vc_row wpb_row vc_row-fluid\"><div class=\"wpb_column vc_column_container vc_col-sm-12\"><div class=\"vc_column-inner\"><div class=\"wpb_wrapper\">\n\t<div class=\"wpb_text_column wpb_content_element\" >\n\t\t<div class=\"wpb_wrapper\">\n\t\t\t<p>Has an individual or a company caused you significant damages? Did you make a deposit but never receive the services? Are you looking to initiate legal proceedings?<\/p>\n<p>If you wish to assess the solvency of an individual or a legal entity, meaning their ability to pay their debts, SIR Qu\u00e9bec can help you gather the necessary information. This will allow you to make an informed decision regarding the continuation of your legal proceedings and the enforcement of your judgment with the assistance of a bailiff.<\/p>\n<h2>Individual profile<\/h2>\n<p><strong>The verification includes:<\/strong><\/p>\n<p>A credit investigation, address confirmation, employment verification, checks on real estate assets, movable assets, criminal background, and more depending on your needs.<\/p>\n<h2>Commercial profile<\/h2>\n<p><strong>The verification includes:<\/strong><\/p>\n<p>Company incorporation details, commercial credit checks, links between directors and other companies, civil lawsuits, verification of real estate and movable assets, and more depending on your needs.<\/p>\n\n\t\t<\/div>\n\t<\/div>\n<\/div><\/div><\/div><\/div>","protected":false},"excerpt":{"rendered":"Solvabilit\u00e9 \/ Actifs Un individu ou une compagnie vous a caus\u00e9 des dommages consid\u00e9rables? Vous avez fait un d\u00e9p\u00f4t, mais jamais re\u00e7u les services? Vous d\u00e9sirez entamer des proc\u00e9dures judiciaires? Si vous d\u00e9sirez conna\u00eetre la solvabilit\u00e9 d\u2019une personne physique ou morale, soit sa capacit\u00e9 \u00e0 payer ses dettes, SIR Qu\u00e9bec peut vous aider \u00e0 rassembler&hellip;","protected":false},"author":1,"featured_media":0,"parent":0,"menu_order":0,"comment_status":"closed","ping_status":"closed","template":"templates\/right-sidebar.php","meta":{"footnotes":""},"_links":{"self":[{"href":"https:\/\/sirqc.com\/en\/wp-json\/wp\/v2\/pages\/302"}],"collection":[{"href":"https:\/\/sirqc.com\/en\/wp-json\/wp\/v2\/pages"}],"about":[{"href":"https:\/\/sirqc.com\/en\/wp-json\/wp\/v2\/types\/page"}],"author":[{"embeddable":true,"href":"https:\/\/sirqc.com\/en\/wp-json\/wp\/v2\/users\/1"}],"replies":[{"embeddable":true,"href":"https:\/\/sirqc.com\/en\/wp-json\/wp\/v2\/comments?post=302"}],"version-history":[{"count":6,"href":"https:\/\/sirqc.com\/en\/wp-json\/wp\/v2\/pages\/302\/revisions"}],"predecessor-version":[{"id":462,"href":"https:\/\/sirqc.com\/en\/wp-json\/wp\/v2\/pages\/302\/revisions\/462"}],"wp:attachment":[{"href":"https:\/\/sirqc.com\/en\/wp-json\/wp\/v2\/media?parent=302"}],"curies":[{"name":"wp","href":"https:\/\/api.w.org\/{rel}","templated":true}]}}