{"id":305,"date":"2022-03-25T19:23:51","date_gmt":"2022-03-25T19:23:51","guid":{"rendered":"https:\/\/34.95.16.201\/?page_id=305"},"modified":"2026-01-12T18:39:49","modified_gmt":"2026-01-12T18:39:49","slug":"detection-de-materiel-despionnage","status":"publish","type":"page","link":"https:\/\/sirqc.com\/en\/detection-de-materiel-despionnage\/","title":{"rendered":"D\u00e9tection de mat\u00e9riel d&rsquo;espionnage"},"content":{"rendered":"<div class=\"vc_row wpb_row vc_row-fluid\"><div class=\"wpb_column vc_column_container vc_col-sm-12\"><div class=\"vc_column-inner\"><div class=\"wpb_wrapper\">\n\t<div  class=\"wpb_single_image wpb_content_element vc_align_\">\n\t\t\n\t\t<figure class=\"wpb_wrapper vc_figure\">\n\t\t\t<div class=\"vc_single_image-wrapper   vc_box_border_grey\"><img width=\"768\" height=\"312\" src=\"https:\/\/sirqc.com\/wp-content\/uploads\/2022\/03\/bug-big-768x312-1.jpg\" class=\"vc_single_image-img attachment-full\" alt=\"\" decoding=\"async\" title=\"D\u00e9tection\" loading=\"lazy\" srcset=\"https:\/\/sirqc.com\/wp-content\/uploads\/2022\/03\/bug-big-768x312-1.jpg 768w, https:\/\/sirqc.com\/wp-content\/uploads\/2022\/03\/bug-big-768x312-1-300x122.jpg 300w\" sizes=\"(max-width: 768px) 100vw, 768px\" \/><\/div>\n\t\t<span class=\"wpb_single_image_caption\">Detection of Spy Equipment<\/span><\/figure>\n\t<\/div>\n<\/div><\/div><\/div><\/div><div class=\"vc_row wpb_row vc_row-fluid\"><div class=\"wpb_column vc_column_container vc_col-sm-12\"><div class=\"vc_column-inner\"><div class=\"wpb_wrapper\">\n\t<div class=\"wpb_text_column wpb_content_element\" >\n\t\t<div class=\"wpb_wrapper\">\n\t\t\t<div class=\"ABC nxs-height100\">\n<div class=\"XYZ\">\n<div class=\"nxs-placeholder-content-wrap nxs-crop\">\n<div id=\"nxs-widget-l1265175964\" class=\"nxs-widget nxs-widget-l1265175964 nxs-text\">\n<div class=\"nxs-default-p nxs-applylinkvarcolor nxs-padding-bottom0 nxs-align-left\">\n<div class=\"nxs-main\">\n<div class=\"nxs-article-container nxs-widgets-editable nxs-elements-container nxs-post-458\">\n<div class=\"nxs-postrows\">\n<div id=\"nxs-pagerow-prid1342000657\" class=\"nxs-row nxs-not-unistyled nxs-rowtemplate-one\">\n<div class=\"nxs-row-container nxs-containsimmediatehovermenu nxs-row1\">\n<div class=\"ABC nxs-height100\">\n<div class=\"XYZ\">\n<div class=\"nxs-placeholder-content-wrap nxs-crop\">\n<div id=\"nxs-widget-l1265175964\" class=\"nxs-widget nxs-widget-l1265175964 nxs-text\">\n<div class=\"nxs-default-p nxs-applylinkvarcolor nxs-padding-bottom0 nxs-align-left\">\n<div id=\"nxs-pagerow-prid1342000657\" class=\"nxs-row nxs-not-unistyled nxs-rowtemplate-one\">\n<div class=\"nxs-row-container nxs-containsimmediatehovermenu nxs-row1\">\n<div class=\"ABC nxs-height100\">\n<div class=\"XYZ\">\n<div class=\"nxs-placeholder-content-wrap nxs-crop\">\n<div id=\"nxs-widget-l1265175964\" class=\"nxs-widget nxs-widget-l1265175964 nxs-text\">\n<div class=\"nxs-default-p nxs-applylinkvarcolor nxs-padding-bottom0 nxs-align-left\">\n<div class=\"ABC nxs-height100\">\n<div class=\"XYZ\">\n<div class=\"nxs-placeholder-content-wrap nxs-crop\">\n<div id=\"nxs-widget-l1265175964\" class=\"nxs-widget nxs-widget-l1265175964 nxs-text\">\n<div class=\"nxs-default-p nxs-applylinkvarcolor nxs-padding-bottom0 nxs-align-left\">\n<h2>Detection of spying equipment for companies<\/h2>\n<p>At the cutting edge of technology, progress, innovation and always on the lookout for new developments and in order to remain at the forefront of growing threats such as :<\/p>\n<ul>\n<li aria-level=\"1\">Industrial espionage<\/li>\n<li aria-level=\"1\">Clandestine electronic listening and surveillance<\/li>\n<\/ul>\n<p class=\" translation-block\">We can protect you against most types of espionage by developing an effective counter espionage strategy. We use advanced electronic surveillance countermeasure scanning techniques to locate and remove spying devices such as <strong>hidden cameras<\/strong>, <strong>GPS<\/strong>, and <strong>spy microphones<\/strong>. Make your offices, conference rooms, communication systems, and vehicles secure.<\/p>\n<p>For more information, visit the website <a href=\"https:\/\/counterespionage.ca\" target=\"_blank\" rel=\"dofollow noopener\">https:\/\/counterespionage.ca<\/a> or contact 514-754-8227.<\/p>\n<\/div>\n<\/div>\n<\/div>\n<\/div>\n<\/div>\n<\/div>\n<\/div>\n<\/div>\n<\/div>\n<\/div>\n<\/div>\n<\/div>\n<\/div>\n<\/div>\n<\/div>\n<\/div>\n<\/div>\n<\/div>\n<\/div>\n<\/div>\n<\/div>\n<\/div>\n<\/div>\n<\/div>\n<\/div>\n<\/div>\n<\/div>\n\n\t\t<\/div>\n\t<\/div>\n\n\t<div class=\"wpb_text_column wpb_content_element\" >\n\t\t<div class=\"wpb_wrapper\">\n\t\t\t<h3><span style=\"font-size: 18px;\">Detection of cameras in businesses, offices, conference rooms<\/span><\/h3>\n<p>Inspection of electrical installations, heating, ventilation, and air conditioning systems, furnishings, and any other place where something could be hidden.<\/p>\n<h3><span style=\"font-size: 18px;\">Vehicle inspection<\/span><\/h3>\n<p>Complete inspection to identify all hidden espionage devices or GPS tracking installed without the owner's or user's knowledge.<\/p>\n<h3><span style=\"font-size: 18px;\">Verification of your internal telephone circuits<\/span><\/h3>\n<p>Verification of telephone line connections, switching equipment, phone jacks, cables, and other components.<\/p>\n<p>&nbsp;<\/p>\n<p>Security threats are constantly evolving, so it is essential to maintain effective security to protect company data and systems from privacy breaches.<\/p>\n<p>Here are the threats, all of which can be avoided by investing in appropriate security measures:<\/p>\n<ul>\n<li>Financial losses<\/li>\n<li>Business disruptions<\/li>\n<li>Reputation impacts<\/li>\n<li>Legal liabilities<\/li>\n<\/ul>\n<p>Our team of experienced technicians is internationally trained by top instructors in sweeping techniques, counter-surveillance, and associated equipment.<\/p>\n\n\t\t<\/div>\n\t<\/div>\n<div class=\"vcex-spacing wpex-w-100 wpex-clear\" style=\"height:45px;\"><\/div><div class=\"vcex-module vcex-divider vcex-divider-solid vcex-divider-center wpex-mx-auto wpex-block wpex-h-0 wpex-border-b wpex-border-solid wpex-border-main\"><\/div>\n\t<div class=\"wpb_text_column wpb_content_element\" >\n\t\t<div class=\"wpb_wrapper\">\n\t\t\t<div class=\"ABC nxs-height100\">\n<div class=\"XYZ\">\n<div class=\"nxs-placeholder-content-wrap nxs-crop\">\n<div id=\"nxs-widget-l1265175964\" class=\"nxs-widget nxs-widget-l1265175964 nxs-text\">\n<div class=\"nxs-default-p nxs-applylinkvarcolor nxs-padding-bottom0 nxs-align-left\">\n<div class=\"nxs-main\">\n<div class=\"nxs-article-container nxs-widgets-editable nxs-elements-container nxs-post-458\">\n<div class=\"nxs-postrows\">\n<div id=\"nxs-pagerow-prid1342000657\" class=\"nxs-row nxs-not-unistyled nxs-rowtemplate-one\">\n<div class=\"nxs-row-container nxs-containsimmediatehovermenu nxs-row1\">\n<div class=\"ABC nxs-height100\">\n<div class=\"XYZ\">\n<div class=\"nxs-placeholder-content-wrap nxs-crop\">\n<div id=\"nxs-widget-l1265175964\" class=\"nxs-widget nxs-widget-l1265175964 nxs-text\">\n<div class=\"nxs-default-p nxs-applylinkvarcolor nxs-padding-bottom0 nxs-align-left\">\n<div id=\"nxs-pagerow-prid1342000657\" class=\"nxs-row nxs-not-unistyled nxs-rowtemplate-one\">\n<div class=\"nxs-row-container nxs-containsimmediatehovermenu nxs-row1\">\n<div class=\"ABC nxs-height100\">\n<div class=\"XYZ\">\n<div class=\"nxs-placeholder-content-wrap nxs-crop\">\n<div id=\"nxs-widget-l1265175964\" class=\"nxs-widget nxs-widget-l1265175964 nxs-text\">\n<div class=\"nxs-default-p nxs-applylinkvarcolor nxs-padding-bottom0 nxs-align-left\">\n<div class=\"ABC nxs-height100\">\n<div class=\"XYZ\">\n<div class=\"nxs-placeholder-content-wrap nxs-crop\">\n<div id=\"nxs-widget-l1265175964\" class=\"nxs-widget nxs-widget-l1265175964 nxs-text\">\n<div class=\"nxs-default-p nxs-applylinkvarcolor nxs-padding-bottom0 nxs-align-left\">\n<h2>Spy equipment detection for individuals<\/h2>\n<p>SIR Qu\u00e9bec travels to your location to check for any spying devices that may be present in your home or on your vehicle. We perform detection of spy microphones and hidden cameras in your residence. We can also locate the presence of GPS tracking devices on your vehicle.<\/p>\n<p>Our basic solution includes a comprehensive inspection for microphones and cameras within the residence.<\/p>\n<p class=\" translation-block\"><strong>Hardware:<\/strong> There are specific hardware tools, such as camera detectors and microphone detectors, that can be used to locate hidden surveillance devices. These tools use methods such as electromagnetic field detection, radio signals, and infrared light to detect hidden devices.<\/p>\n<p><strong>Visual inspection techniques:<\/strong> Hidden microphones and cameras can also be detected by conducting a careful visual check of the premises. This can include looking for small holes, wires, or anomalous devices, as well as examining objects such as clocks, plants, and paintings to see if they contain hidden devices.<\/p>\n<p>It is important to note that these methods must be combined for effective detection.<\/p>\n<p><strong>This service includes a detailed written report of the investigations and detection performed.<\/strong><\/p>\n<hr class=\"wp-block-separator\" \/>\n<p>Additional fees apply for GPS tracker inspection on a vehicle<\/p>\n<p>Additional fees apply for travel by one or more technicians, depending on the situation<\/p>\n<\/div>\n<\/div>\n<\/div>\n<\/div>\n<\/div>\n<\/div>\n<\/div>\n<\/div>\n<\/div>\n<\/div>\n<\/div>\n<\/div>\n<\/div>\n<\/div>\n<\/div>\n<\/div>\n<\/div>\n<\/div>\n<\/div>\n<\/div>\n<\/div>\n<\/div>\n<\/div>\n<\/div>\n<\/div>\n<\/div>\n<\/div>\n\n\t\t<\/div>\n\t<\/div>\n<\/div><\/div><\/div><\/div><div class=\"vc_row wpb_row vc_row-fluid\"><div class=\"wpb_column vc_column_container vc_col-sm-12\"><div class=\"vc_column-inner\"><div class=\"wpb_wrapper\">\n\t<div class=\"wpb_text_column wpb_content_element\" >\n\t\t<div class=\"wpb_wrapper\">\n\t\t\t\n\t\t<\/div>\n\t<\/div>\n<\/div><\/div><\/div><\/div>","protected":false},"excerpt":{"rendered":"D\u00e9tection de mat\u00e9riel d'espionnage D\u00e9tection mat\u00e9riel d\u2019espionnage pour les entreprises \u00c0 la fine pointe de la technologie, du progr\u00e8s, de l\u2019innovation et toujours \u00e0 l\u2019aff\u00fbt des nouveaux d\u00e9veloppements et dans le but de demeurer \u00e0 l\u2019avant-garde des menaces grandissantes telles que : l\u2019espionnage industriel l\u2019\u00e9coute et la surveillance \u00e9lectronique clandestines Nous pouvons vous prot\u00e9ger contre&hellip;","protected":false},"author":1,"featured_media":0,"parent":0,"menu_order":0,"comment_status":"closed","ping_status":"closed","template":"templates\/right-sidebar.php","meta":{"footnotes":""},"_links":{"self":[{"href":"https:\/\/sirqc.com\/en\/wp-json\/wp\/v2\/pages\/305"}],"collection":[{"href":"https:\/\/sirqc.com\/en\/wp-json\/wp\/v2\/pages"}],"about":[{"href":"https:\/\/sirqc.com\/en\/wp-json\/wp\/v2\/types\/page"}],"author":[{"embeddable":true,"href":"https:\/\/sirqc.com\/en\/wp-json\/wp\/v2\/users\/1"}],"replies":[{"embeddable":true,"href":"https:\/\/sirqc.com\/en\/wp-json\/wp\/v2\/comments?post=305"}],"version-history":[{"count":13,"href":"https:\/\/sirqc.com\/en\/wp-json\/wp\/v2\/pages\/305\/revisions"}],"predecessor-version":[{"id":467,"href":"https:\/\/sirqc.com\/en\/wp-json\/wp\/v2\/pages\/305\/revisions\/467"}],"wp:attachment":[{"href":"https:\/\/sirqc.com\/en\/wp-json\/wp\/v2\/media?parent=305"}],"curies":[{"name":"wp","href":"https:\/\/api.w.org\/{rel}","templated":true}]}}