{"id":310,"date":"2022-03-25T19:41:24","date_gmt":"2022-03-25T19:41:24","guid":{"rendered":"https:\/\/34.95.16.201\/?page_id=310"},"modified":"2022-11-02T17:10:42","modified_gmt":"2022-11-02T17:10:42","slug":"services-2","status":"publish","type":"page","link":"https:\/\/sirqc.com\/en\/services-2\/","title":{"rendered":"Services"},"content":{"rendered":"<div class=\"vc_row wpb_row vc_row-fluid visible-desktop\"><div class=\"wpb_column vc_column_container vc_col-sm-12\"><div class=\"vc_column-inner\"><div class=\"wpb_wrapper\"><figure class=\"vcex-image vcex-module textcenter\"><div class=\"vcex-image-inner wpex-relative wpex-inline-block overlay-parent overlay-parent-title-center wpex-overflow-hidden hvr hvr-grow\"><a href=\"https:\/\/sirqc.com\/en\/filature-et-infiltration\/\"><img width=\"849\" height=\"345\" src=\"https:\/\/sirqc.com\/wp-content\/uploads\/2022\/03\/private-big-1.jpg\" class=\"vcex-image-img wpex-align-middle\" alt=\"\" decoding=\"async\" loading=\"lazy\" srcset=\"https:\/\/sirqc.com\/wp-content\/uploads\/2022\/03\/private-big-1.jpg 849w, https:\/\/sirqc.com\/wp-content\/uploads\/2022\/03\/private-big-1-300x122.jpg 300w, https:\/\/sirqc.com\/wp-content\/uploads\/2022\/03\/private-big-1-768x312.jpg 768w\" sizes=\"(max-width: 849px) 100vw, 849px\" \/>\n<div class=\"overlay-title-center theme-overlay wpex-absolute wpex-inset-0 wpex-transition-all wpex-duration-300 wpex-flex wpex-justify-center wpex-items-center wpex-text-center\">\n\t<span class=\"overlay-bg wpex-bg-black wpex-block wpex-absolute wpex-inset-0 wpex-opacity-50\"><\/span>\n\t<div class=\"overlay-content wpex-relative wpex-text-white wpex-uppercase wpex-font-semibold wpex-p-15 wpex-tracking-widest\">\n\t\t<span class=\"title\">Tailing and Infiltration<\/span>\t<\/div>\n<\/div><\/a><\/div><\/figure><div class=\"vc_empty_space\"   style=\"height: 40px\"><span class=\"vc_empty_space_inner\"><\/span><\/div><figure class=\"vcex-image vcex-module textcenter\"><div class=\"vcex-image-inner wpex-relative wpex-inline-block overlay-parent overlay-parent-title-center wpex-overflow-hidden hvr hvr-grow\"><a href=\"https:\/\/sirqc.com\/en\/localisation\/\"><img width=\"870\" height=\"354\" src=\"https:\/\/sirqc.com\/wp-content\/uploads\/2022\/03\/locate-big.jpg\" class=\"vcex-image-img wpex-align-middle\" alt=\"\" decoding=\"async\" loading=\"lazy\" srcset=\"https:\/\/sirqc.com\/wp-content\/uploads\/2022\/03\/locate-big.jpg 870w, https:\/\/sirqc.com\/wp-content\/uploads\/2022\/03\/locate-big-300x122.jpg 300w, https:\/\/sirqc.com\/wp-content\/uploads\/2022\/03\/locate-big-768x312.jpg 768w\" sizes=\"(max-width: 870px) 100vw, 870px\" \/>\n<div class=\"overlay-title-center theme-overlay wpex-absolute wpex-inset-0 wpex-transition-all wpex-duration-300 wpex-flex wpex-justify-center wpex-items-center wpex-text-center\">\n\t<span class=\"overlay-bg wpex-bg-black wpex-block wpex-absolute wpex-inset-0 wpex-opacity-50\"><\/span>\n\t<div class=\"overlay-content wpex-relative wpex-text-white wpex-uppercase wpex-font-semibold wpex-p-15 wpex-tracking-widest\">\n\t\t<span class=\"title\">Localization<\/span>\t<\/div>\n<\/div><\/a><\/div><\/figure><div class=\"vc_empty_space\"   style=\"height: 40px\"><span class=\"vc_empty_space_inner\"><\/span><\/div><figure class=\"vcex-image vcex-module textcenter\"><div class=\"vcex-image-inner wpex-relative wpex-inline-block overlay-parent overlay-parent-title-center wpex-overflow-hidden hvr hvr-grow\"><a href=\"https:\/\/sirqc.com\/en\/enquete\/\"><img width=\"848\" height=\"345\" src=\"https:\/\/sirqc.com\/wp-content\/uploads\/2022\/03\/corporate-big.jpg\" class=\"vcex-image-img wpex-align-middle\" alt=\"\" decoding=\"async\" loading=\"lazy\" srcset=\"https:\/\/sirqc.com\/wp-content\/uploads\/2022\/03\/corporate-big.jpg 848w, https:\/\/sirqc.com\/wp-content\/uploads\/2022\/03\/corporate-big-300x122.jpg 300w, https:\/\/sirqc.com\/wp-content\/uploads\/2022\/03\/corporate-big-768x312.jpg 768w\" sizes=\"(max-width: 848px) 100vw, 848px\" \/>\n<div class=\"overlay-title-center theme-overlay wpex-absolute wpex-inset-0 wpex-transition-all wpex-duration-300 wpex-flex wpex-justify-center wpex-items-center wpex-text-center\">\n\t<span class=\"overlay-bg wpex-bg-black wpex-block wpex-absolute wpex-inset-0 wpex-opacity-50\"><\/span>\n\t<div class=\"overlay-content wpex-relative wpex-text-white wpex-uppercase wpex-font-semibold wpex-p-15 wpex-tracking-widest\">\n\t\t<span class=\"title\">Inquiry<\/span>\t<\/div>\n<\/div><\/a><\/div><\/figure><div class=\"vc_empty_space\"   style=\"height: 40px\"><span class=\"vc_empty_space_inner\"><\/span><\/div><figure class=\"vcex-image vcex-module textcenter\"><div class=\"vcex-image-inner wpex-relative wpex-inline-block overlay-parent overlay-parent-title-center wpex-overflow-hidden hvr hvr-grow\"><a href=\"https:\/\/sirqc.com\/en\/enquete-domestique\/\"><img width=\"848\" height=\"345\" src=\"https:\/\/sirqc.com\/wp-content\/uploads\/2022\/03\/domestic-big.jpg\" class=\"vcex-image-img wpex-align-middle\" alt=\"\" decoding=\"async\" loading=\"lazy\" srcset=\"https:\/\/sirqc.com\/wp-content\/uploads\/2022\/03\/domestic-big.jpg 848w, https:\/\/sirqc.com\/wp-content\/uploads\/2022\/03\/domestic-big-300x122.jpg 300w, https:\/\/sirqc.com\/wp-content\/uploads\/2022\/03\/domestic-big-768x312.jpg 768w\" sizes=\"(max-width: 848px) 100vw, 848px\" \/>\n<div class=\"overlay-title-center theme-overlay wpex-absolute wpex-inset-0 wpex-transition-all wpex-duration-300 wpex-flex wpex-justify-center wpex-items-center wpex-text-center\">\n\t<span class=\"overlay-bg wpex-bg-black wpex-block wpex-absolute wpex-inset-0 wpex-opacity-50\"><\/span>\n\t<div class=\"overlay-content wpex-relative wpex-text-white wpex-uppercase wpex-font-semibold wpex-p-15 wpex-tracking-widest\">\n\t\t<span class=\"title\">Domestic Investigation<\/span>\t<\/div>\n<\/div><\/a><\/div><\/figure><div class=\"vc_empty_space\"   style=\"height: 40px\"><span class=\"vc_empty_space_inner\"><\/span><\/div><figure class=\"vcex-image vcex-module textcenter\"><div class=\"vcex-image-inner wpex-relative wpex-inline-block overlay-parent overlay-parent-title-center wpex-overflow-hidden hvr hvr-grow\"><a href=\"https:\/\/sirqc.com\/en\/solvabilite-actifs\/\"><img width=\"1200\" height=\"628\" src=\"https:\/\/sirqc.com\/wp-content\/uploads\/2022\/11\/SIR-Quebec-visuels-Octobre-2022-2-2.jpg\" class=\"vcex-image-img wpex-align-middle\" alt=\"Solvabilit\u00e9 \/ Actifs\" decoding=\"async\" loading=\"lazy\" srcset=\"https:\/\/sirqc.com\/wp-content\/uploads\/2022\/11\/SIR-Quebec-visuels-Octobre-2022-2-2.jpg 1200w, https:\/\/sirqc.com\/wp-content\/uploads\/2022\/11\/SIR-Quebec-visuels-Octobre-2022-2-2-300x157.jpg 300w, https:\/\/sirqc.com\/wp-content\/uploads\/2022\/11\/SIR-Quebec-visuels-Octobre-2022-2-2-1024x536.jpg 1024w, https:\/\/sirqc.com\/wp-content\/uploads\/2022\/11\/SIR-Quebec-visuels-Octobre-2022-2-2-768x402.jpg 768w, https:\/\/sirqc.com\/wp-content\/uploads\/2022\/11\/SIR-Quebec-visuels-Octobre-2022-2-2-18x9.jpg 18w\" sizes=\"(max-width: 1200px) 100vw, 1200px\" \/>\n<div class=\"overlay-title-center theme-overlay wpex-absolute wpex-inset-0 wpex-transition-all wpex-duration-300 wpex-flex wpex-justify-center wpex-items-center wpex-text-center\">\n\t<span class=\"overlay-bg wpex-bg-black wpex-block wpex-absolute wpex-inset-0 wpex-opacity-50\"><\/span>\n\t<div class=\"overlay-content wpex-relative wpex-text-white wpex-uppercase wpex-font-semibold wpex-p-15 wpex-tracking-widest\">\n\t\t<span class=\"title\">Solvency \/ Assets<\/span>\t<\/div>\n<\/div><\/a><\/div><\/figure><div class=\"vc_empty_space\"   style=\"height: 32px\"><span class=\"vc_empty_space_inner\"><\/span><\/div><figure class=\"vcex-image vcex-module textcenter\"><div class=\"vcex-image-inner wpex-relative wpex-inline-block overlay-parent overlay-parent-title-center wpex-overflow-hidden hvr hvr-grow\"><a href=\"https:\/\/sirqc.com\/en\/detection-de-materiel-despionnage\/\"><img width=\"768\" height=\"312\" src=\"https:\/\/sirqc.com\/wp-content\/uploads\/2022\/03\/bug-big-768x312-1.jpg\" class=\"vcex-image-img wpex-align-middle\" alt=\"\" decoding=\"async\" loading=\"lazy\" srcset=\"https:\/\/sirqc.com\/wp-content\/uploads\/2022\/03\/bug-big-768x312-1.jpg 768w, https:\/\/sirqc.com\/wp-content\/uploads\/2022\/03\/bug-big-768x312-1-300x122.jpg 300w\" sizes=\"(max-width: 768px) 100vw, 768px\" \/>\n<div class=\"overlay-title-center theme-overlay wpex-absolute wpex-inset-0 wpex-transition-all wpex-duration-300 wpex-flex wpex-justify-center wpex-items-center wpex-text-center\">\n\t<span class=\"overlay-bg wpex-bg-black wpex-block wpex-absolute wpex-inset-0 wpex-opacity-50\"><\/span>\n\t<div class=\"overlay-content wpex-relative wpex-text-white wpex-uppercase wpex-font-semibold wpex-p-15 wpex-tracking-widest\">\n\t\t<span class=\"title\">Detection of Spy Equipment<\/span>\t<\/div>\n<\/div><\/a><\/div><\/figure><\/div><\/div><\/div><\/div>","protected":false},"excerpt":{"rendered":"Filature et Infiltration Localisation Enqu\u00eate Enqu\u00eate Domestique Solvabilit\u00e9 \/ Actifs D\u00e9tection de mat\u00e9riel d&#039;espionnage","protected":false},"author":1,"featured_media":0,"parent":0,"menu_order":0,"comment_status":"closed","ping_status":"closed","template":"templates\/right-sidebar.php","meta":{"footnotes":""},"_links":{"self":[{"href":"https:\/\/sirqc.com\/en\/wp-json\/wp\/v2\/pages\/310"}],"collection":[{"href":"https:\/\/sirqc.com\/en\/wp-json\/wp\/v2\/pages"}],"about":[{"href":"https:\/\/sirqc.com\/en\/wp-json\/wp\/v2\/types\/page"}],"author":[{"embeddable":true,"href":"https:\/\/sirqc.com\/en\/wp-json\/wp\/v2\/users\/1"}],"replies":[{"embeddable":true,"href":"https:\/\/sirqc.com\/en\/wp-json\/wp\/v2\/comments?post=310"}],"version-history":[{"count":9,"href":"https:\/\/sirqc.com\/en\/wp-json\/wp\/v2\/pages\/310\/revisions"}],"predecessor-version":[{"id":390,"href":"https:\/\/sirqc.com\/en\/wp-json\/wp\/v2\/pages\/310\/revisions\/390"}],"wp:attachment":[{"href":"https:\/\/sirqc.com\/en\/wp-json\/wp\/v2\/media?parent=310"}],"curies":[{"name":"wp","href":"https:\/\/api.w.org\/{rel}","templated":true}]}}