{"id":320,"date":"2022-03-28T18:03:45","date_gmt":"2022-03-28T18:03:45","guid":{"rendered":"https:\/\/34.95.16.201\/?page_id=320"},"modified":"2026-01-09T21:07:02","modified_gmt":"2026-01-09T21:07:02","slug":"qui-sommes-nous","status":"publish","type":"page","link":"https:\/\/sirqc.com\/en\/qui-sommes-nous\/","title":{"rendered":"Who are we?"},"content":{"rendered":"<div class=\"vc_row wpb_row vc_row-fluid\"><div class=\"wpb_column vc_column_container vc_col-sm-12\"><div class=\"vc_column-inner\"><div class=\"wpb_wrapper\">\n\t<div class=\"wpb_text_column wpb_content_element\" >\n\t\t<div class=\"wpb_wrapper\">\n\t\t\t<div id=\"nxs-pagerow-prid1361435214\" class=\"nxs-row nxs-not-unistyled nxs-rowtemplate-one\">\n<div class=\"nxs-row-container nxs-containsimmediatehovermenu nxs-row1\">\n<div class=\"ABC nxs-height100\">\n<div class=\"XYZ\">\n<div class=\"nxs-placeholder-content-wrap nxs-crop\">\n<div id=\"nxs-widget-l1203893911\" class=\"nxs-widget nxs-widget-l1203893911 nxs-text\">\n<div class=\"nxs-default-p nxs-applylinkvarcolor nxs-padding-bottom0 nxs-align-left\">\n<p class=\"font_2\"><span class=\"color_15\"><strong><img decoding=\"async\" loading=\"lazy\" class=\"size-medium wp-image-330 alignleft\" src=\"http:\/\/34.95.16.201\/wp-content\/uploads\/2022\/03\/team-300x283.png\" alt=\"\" width=\"300\" height=\"283\" srcset=\"https:\/\/sirqc.com\/wp-content\/uploads\/2022\/03\/team-300x283.png 300w, https:\/\/sirqc.com\/wp-content\/uploads\/2022\/03\/team.png 401w\" sizes=\"(max-width: 300px) 100vw, 300px\" \/>SIR Quebec<\/strong>\u00a0is a forerunner in the application of new techniques and modern means of investigation.<\/span><\/p>\n<p class=\"font_2\">With investigators on our team who collectively have more than\u00a0<strong>our agency has demonstrated its ability to adapt and the seriousness of its interventions<\/strong>.<\/p>\n<p class=\"font_2\">We offer you the experience and competence of a team of experienced investigators and true experts in investigation.<\/p>\n<\/div>\n<p>&nbsp;<\/p>\n<div class=\"nxs-default-p nxs-applylinkvarcolor nxs-padding-bottom0 nxs-align-left\">\n<div id=\"i87l3el1\" class=\"txtNew\" data-packed=\"true\">\n<h2 class=\"font_2\"><strong>WHY USE A PRIVATE INVESTIGATOR?<\/strong><\/h2>\n<p>&nbsp;<\/p>\n<\/div>\n<div id=\"FvGrdLn2\" class=\"hl3\" data-border-width=\"1px\">Some situations require an external, non-judgmental view of the client's needs and concerns. Our approach is different from that of the police or debt collectors and takes into account all the factors that may affect the efficient handling of your claim.<\/div>\n<div class=\"hl3\" data-border-width=\"1px\"><\/div>\n<\/div>\n<div class=\"nxs-clear\"><\/div>\n<\/div>\n<\/div>\n<\/div>\n<\/div>\n<div class=\"nxs-clear\"><\/div>\n<\/div>\n<\/div>\n<div id=\"nxs-pagerow-prid139981298\" class=\"nxs-row nxs-not-unistyled nxs-rowtemplate-one\">\n<div class=\"nxs-row-container nxs-containsimmediatehovermenu nxs-row1\">\n<div class=\"ABC nxs-height100\">\n<div class=\"XYZ\">\n<div class=\"nxs-placeholder-content-wrap nxs-crop\">\n<div id=\"nxs-widget-l135870430\" class=\"nxs-widget nxs-widget-l135870430 nxs-text\">\n<div class=\"nxs-default-p nxs-applylinkvarcolor nxs-padding-bottom0 nxs-align-left\">\n<p>&nbsp;<\/p>\n<\/div>\n<p><em><strong>EXPERTISE - INTEGRITY - CONFIDENTIALITY<\/strong><\/em><\/p>\n<\/div>\n<\/div>\n<\/div>\n<\/div>\n<\/div>\n<\/div>\n\n\t\t<\/div>\n\t<\/div>\n<\/div><\/div><\/div><\/div>","protected":false},"excerpt":{"rendered":"SIR Qu\u00e9bec\u00a0est un pr\u00e9curseur en mati\u00e8re d'application de nouvelles techniques et de moyens modernes d'investigation. Comptant parmi nous des enqu\u00eateurs cumulant plus de\u00a040 ann\u00e9es d'exp\u00e9rience, notre agence a su d\u00e9montrer sa capacit\u00e9 d'adaptation et le s\u00e9rieux de ses interventions. Nous vous offrons l'exp\u00e9rience et la comp\u00e9tence d'une \u00e9quipe d'enqu\u00eateurs chevronn\u00e9es et de v\u00e9ritables experts en&hellip;","protected":false},"author":1,"featured_media":0,"parent":0,"menu_order":0,"comment_status":"closed","ping_status":"closed","template":"templates\/right-sidebar.php","meta":{"footnotes":""},"_links":{"self":[{"href":"https:\/\/sirqc.com\/en\/wp-json\/wp\/v2\/pages\/320"}],"collection":[{"href":"https:\/\/sirqc.com\/en\/wp-json\/wp\/v2\/pages"}],"about":[{"href":"https:\/\/sirqc.com\/en\/wp-json\/wp\/v2\/types\/page"}],"author":[{"embeddable":true,"href":"https:\/\/sirqc.com\/en\/wp-json\/wp\/v2\/users\/1"}],"replies":[{"embeddable":true,"href":"https:\/\/sirqc.com\/en\/wp-json\/wp\/v2\/comments?post=320"}],"version-history":[{"count":10,"href":"https:\/\/sirqc.com\/en\/wp-json\/wp\/v2\/pages\/320\/revisions"}],"predecessor-version":[{"id":465,"href":"https:\/\/sirqc.com\/en\/wp-json\/wp\/v2\/pages\/320\/revisions\/465"}],"wp:attachment":[{"href":"https:\/\/sirqc.com\/en\/wp-json\/wp\/v2\/media?parent=320"}],"curies":[{"name":"wp","href":"https:\/\/api.w.org\/{rel}","templated":true}]}}