{"id":37,"date":"2021-01-20T00:11:05","date_gmt":"2021-01-20T00:11:05","guid":{"rendered":"https:\/\/total.wpexplorer.com\/square-media\/?page_id=37"},"modified":"2026-01-09T20:21:53","modified_gmt":"2026-01-09T20:21:53","slug":"homepage","status":"publish","type":"page","link":"https:\/\/sirqc.com\/en\/","title":{"rendered":"Homepage"},"content":{"rendered":"<div data-vc-full-width=\"true\" data-vc-full-width-init=\"false\" class=\"vc_row wpb_row vc_row-fluid vc_custom_1649440932178 vc_row-o-content-middle vc_row-flex wpex-vc_row-has-fill wpex-vc-row-stretched no-bottom-margins\" style=\"background-position:center !important;\"><div class=\"wpb_column vc_column_container vc_col-sm-12\"><div class=\"vc_column-inner\"><div class=\"wpb_wrapper\"><div class=\"vcex-spacing wpex-w-100 wpex-clear hide-at-mm-breakpoint\" style=\"height:160px;\"><\/div><style>.vcex-heading.vcex_69e866449d27e{color:#ffffff;font-size:58px;}@media (max-width:959px){.vcex-heading.vcex_69e866449d27e{font-size:34px;}}<\/style><h1 class=\"vcex-heading vcex-heading-plain vcex-module wpex-text-2xl wpex-font-normal wpex-mb-20 vcex_69e866449d27e\"><span class=\"vcex-heading-inner wpex-inline-block\">SIR Quebec<\/span><\/h1><style>.vcex_69e866449d644{font-size:24px!important;}@media (max-width:959px){.vcex_69e866449d644{font-size:18px!important;}}<\/style>\n\t<div style=\"color:#ffffff;font-weight:500;width:900px;\" class=\"wpb_text_column vcex_69e866449d644 has-custom-color wpex-child-inherit-color wpex-max-w-100 wpex-mr-auto wpb_content_element\" >\n\t\t<div class=\"wpb_wrapper\">\n\t\t\t<p>Private Investigation Agency<\/p>\n\n\t\t<\/div>\n\t<\/div>\n<div class=\"vcex-spacing wpex-w-100 wpex-clear hide-at-mm-breakpoint\" style=\"height:80px;\"><\/div><\/div><\/div><\/div><\/div><div class=\"vc_row-full-width vc_clearfix\"><\/div><div class=\"vc_row wpb_row vc_row-fluid vc_custom_1648067063053 vc_row-o-content-top vc_row-flex\"><div class=\"wpb_column vc_column_container vc_col-sm-8\"><div class=\"vc_column-inner\"><div class=\"wpb_wrapper\">\n\t<div class=\"wpb_text_column wpb_content_element\" >\n\t\t<div class=\"wpb_wrapper\">\n\t\t\t<div class=\"ABC nxs-height100\">\n<div class=\"XYZ\">\n<div class=\"nxs-placeholder-content-wrap nxs-crop\">\n<div id=\"nxs-widget-l1295322679\" class=\"nxs-widget nxs-widget-l1295322679 nxs-text\">\n<h1 class=\"nxs-title nxs-align-left nxs-heightiq nxs-heightiq-p1-title\">Why should you trust us with your case?<\/h1>\n<div class=\"nxs-clear nxs-filler\"><\/div>\n<div class=\"nxs-default-p nxs-applylinkvarcolor nxs-padding-bottom0 nxs-align-left nxs-heightiq nxs-heightiq-p1-text\">\n<p class=\"font_8\"><strong>SIR Quebec<\/strong> is a private investigation agency renowned throughout the province of Quebec. In order to meet your needs, we offer a wide range of private investigation services, professional and based on the expertise of our investigators.<\/p>\n<p class=\"font_8\">All our files are treated in the strictest<strong>\u00a0CONFIDENTIALITY\u00a0<\/strong>and with respect for your budget<\/p>\n<\/div>\n<\/div>\n<\/div>\n<\/div>\n<\/div>\n\n\t\t<\/div>\n\t<\/div>\n<\/div><\/div><\/div><div class=\"wpb_column vc_column_container vc_col-sm-4 wpex-vc_col-has-fill\"><div class=\"vc_column-inner vc_custom_1648067069401\"><div class=\"wpb_wrapper\">\n\t<div style=\"font-family:Arial, Helvetica, sans-serif;font-size:24px;text-align:center;\" class=\"wpb_text_column wpb_content_element  vc_custom_1648066831267\" >\n\t\t<div class=\"wpb_wrapper\">\n\t\t\t<h3 style=\"text-align: center;\"><span style=\"font-size: 28px; color: #ffffff;\">FREE CONSULTATION<\/span><\/h3>\n\n\t\t<\/div>\n\t<\/div>\n<div class=\"vc_custom_1648574215030 wpex-clr\"><div class=\"theme-button-wrap textcenter wpex-clr\"><a href=\"tel: 18779482536\" class=\"vcex-button theme-button align-center inline\" style=\"background:#d28632;font-family:Arial Black, Gadget, sans-serif;\" data-wpex-hover='{&quot;background&quot;:&quot;#d16f00&quot;}'><span class=\"vcex-button-inner theme-button-inner\">(877) 948-2536<\/span><\/a><\/div><\/div> <\/div><\/div><\/div><\/div><div data-vc-full-width=\"true\" data-vc-full-width-init=\"false\" class=\"vc_row wpb_row vc_row-fluid vc_custom_1648132276327 vc_row-o-equal-height vc_row-o-content-middle vc_row-flex wpex-vc_row-has-fill wpex-vc-row-stretched\"><div class=\"wpb_column vc_column_container vc_col-sm-12\"><div class=\"vc_column-inner\"><div class=\"wpb_wrapper\"><div class=\"vc_row wpb_row vc_inner vc_row-fluid\"><div class=\"wpb_column vc_column_container vc_col-sm-12\"><div class=\"vc_column-inner\"><div class=\"wpb_wrapper\"><style>.vcex-heading.vcex_69e866449e6b6{color:#000000;font-size:35px;}<\/style><h1 class=\"vcex-heading vcex-heading-plain vcex-module wpex-text-2xl wpex-font-normal wpex-text-center vcex_69e866449e6b6\"><span class=\"vcex-heading-inner wpex-inline-block\">Our Services<\/span><\/h1><\/div><\/div><\/div><\/div><div class=\"vc_row wpb_row vc_inner vc_row-fluid\"><div class=\"wpb_column vc_column_container vc_col-sm-4\"><div class=\"vc_column-inner\"><div class=\"wpb_wrapper\"><style>.vcex-image.vcex_69e866449e9fd .vcex-image-img,.vcex-image.vcex_69e866449e9fd .overlay-parent{border-radius:3px;}<\/style><figure class=\"vcex-image vcex-module vcex_69e866449e9fd\"><div class=\"vcex-image-inner wpex-relative wpex-inline-block overlay-parent overlay-parent-title-excerpt-hover overlay-h wpex-overflow-hidden overlay-ms hvr hvr-grow vc_custom_1767990061718\"><a href=\"https:\/\/sirqc.com\/en\/filature-et-infiltration\/\"><img width=\"434\" height=\"275\" src=\"http:\/\/sirqc.com\/wp-content\/uploads\/2022\/04\/Tailing-and-Infiltration.png\" class=\"vcex-image-img wpex-align-middle wpex-shadow-none\" alt=\"\" decoding=\"async\" loading=\"lazy\" srcset=\"https:\/\/sirqc.com\/wp-content\/uploads\/2022\/04\/Tailing-and-Infiltration.png 434w, https:\/\/sirqc.com\/wp-content\/uploads\/2022\/04\/Tailing-and-Infiltration-300x190.png 300w, https:\/\/sirqc.com\/wp-content\/uploads\/2022\/04\/Tailing-and-Infiltration-18x12.png 18w\" sizes=\"(max-width: 434px) 100vw, 434px\" \/>\n<div class=\"overlay-title-excerpt-hover overlay-hide theme-overlay wpex-absolute wpex-inset-0 wpex-transition-all wpex-duration-300 wpex-overflow-hidden wpex-flex wpex-items-center wpex-justify-center wpex-text-center\">\n\t<div class=\"overlay-bg wpex-bg-black wpex-absolute wpex-inset-0 wpex-opacity-70\"><\/div>\n\t<div class=\"overlay-content overlay-scale wpex-relative wpex-text-white wpex-p-15 wpex-duration-300 wpex-transition-transform wpex-clr\">\n\t\t<div class=\"overlay-title wpex-text-lg\">Tailing and Infiltration<\/div>\n\t\t<div class=\"overlay-excerpt wpex-opacity-80 wpex-italic wpex-mt-10 wpex-last-mb-0\">CNESST, fraud, employment verification, theft, vandalism, productivity, union raiding, intimidation and harassment, wiretapping, GPS, drones, hidden cameras, surveillance cameras<\/div>\t<\/div>\n<\/div><\/a><\/div><\/figure><\/div><\/div><\/div><div class=\"wpb_column vc_column_container vc_col-sm-4\"><div class=\"vc_column-inner\"><div class=\"wpb_wrapper\"><style>.vcex-image.vcex_69e866449ef33 .vcex-image-img,.vcex-image.vcex_69e866449ef33 .overlay-parent{border-radius:3px;}<\/style><figure class=\"vcex-image vcex-module vcex_69e866449ef33\"><div class=\"vcex-image-inner wpex-relative wpex-inline-block overlay-parent overlay-parent-title-excerpt-hover overlay-h wpex-overflow-hidden overlay-ms hvr hvr-grow vc_custom_1767990065194\"><a href=\"https:\/\/sirqc.com\/en\/localisation\/\"><img width=\"434\" height=\"275\" src=\"http:\/\/sirqc.com\/wp-content\/uploads\/2022\/04\/Localization.png\" class=\"vcex-image-img wpex-align-middle wpex-shadow-none\" alt=\"\" decoding=\"async\" loading=\"lazy\" srcset=\"https:\/\/sirqc.com\/wp-content\/uploads\/2022\/04\/Localization.png 434w, https:\/\/sirqc.com\/wp-content\/uploads\/2022\/04\/Localization-300x190.png 300w, https:\/\/sirqc.com\/wp-content\/uploads\/2022\/04\/Localization-18x12.png 18w\" sizes=\"(max-width: 434px) 100vw, 434px\" \/>\n<div class=\"overlay-title-excerpt-hover overlay-hide theme-overlay wpex-absolute wpex-inset-0 wpex-transition-all wpex-duration-300 wpex-overflow-hidden wpex-flex wpex-items-center wpex-justify-center wpex-text-center\">\n\t<div class=\"overlay-bg wpex-bg-black wpex-absolute wpex-inset-0 wpex-opacity-70\"><\/div>\n\t<div class=\"overlay-content overlay-scale wpex-relative wpex-text-white wpex-p-15 wpex-duration-300 wpex-transition-transform wpex-clr\">\n\t\t<div class=\"overlay-title wpex-text-lg\">Localization<\/div>\n\t\t<div class=\"overlay-excerpt wpex-opacity-80 wpex-italic wpex-mt-10 wpex-last-mb-0\">Individual, runaway, disappearance, vehicle, merchandise<\/div>\t<\/div>\n<\/div><\/a><\/div><\/figure><\/div><\/div><\/div><div class=\"wpb_column vc_column_container vc_col-sm-4\"><div class=\"vc_column-inner\"><div class=\"wpb_wrapper\"><style>.vcex-image.vcex_69e866449f3df .vcex-image-img,.vcex-image.vcex_69e866449f3df .overlay-parent{border-radius:3px;}<\/style><figure class=\"vcex-image vcex-module vcex_69e866449f3df\"><div class=\"vcex-image-inner wpex-relative wpex-inline-block overlay-parent overlay-parent-title-excerpt-hover overlay-h wpex-overflow-hidden overlay-ms hvr hvr-grow vc_custom_1767990070566\"><a href=\"https:\/\/sirqc.com\/en\/enquete\/\"><img width=\"434\" height=\"275\" src=\"http:\/\/sirqc.com\/wp-content\/uploads\/2022\/04\/Inquiry.png\" class=\"vcex-image-img wpex-align-middle wpex-shadow-none\" alt=\"\" decoding=\"async\" loading=\"lazy\" srcset=\"https:\/\/sirqc.com\/wp-content\/uploads\/2022\/04\/Inquiry.png 434w, https:\/\/sirqc.com\/wp-content\/uploads\/2022\/04\/Inquiry-300x190.png 300w, https:\/\/sirqc.com\/wp-content\/uploads\/2022\/04\/Inquiry-18x12.png 18w\" sizes=\"(max-width: 434px) 100vw, 434px\" \/>\n<div class=\"overlay-title-excerpt-hover overlay-hide theme-overlay wpex-absolute wpex-inset-0 wpex-transition-all wpex-duration-300 wpex-overflow-hidden wpex-flex wpex-items-center wpex-justify-center wpex-text-center\">\n\t<div class=\"overlay-bg wpex-bg-black wpex-absolute wpex-inset-0 wpex-opacity-70\"><\/div>\n\t<div class=\"overlay-content overlay-scale wpex-relative wpex-text-white wpex-p-15 wpex-duration-300 wpex-transition-transform wpex-clr\">\n\t\t<div class=\"overlay-title wpex-text-lg\">Inquiry<\/div>\n\t\t<div class=\"overlay-excerpt wpex-opacity-80 wpex-italic wpex-mt-10 wpex-last-mb-0\">Criminal records, personal credit reputation, commercial credit reputation, CNESST, fraud and theft at the employer, pre employment, pre rental<\/div>\t<\/div>\n<\/div><\/a><\/div><\/figure><\/div><\/div><\/div><\/div><div class=\"vc_row wpb_row vc_inner vc_row-fluid\"><div class=\"wpb_column vc_column_container vc_col-sm-4\"><div class=\"vc_column-inner\"><div class=\"wpb_wrapper\"><style>.vcex-image.vcex_69e866449f8f6 .vcex-image-img,.vcex-image.vcex_69e866449f8f6 .overlay-parent{border-radius:3px;}<\/style><figure class=\"vcex-image vcex-module vcex_69e866449f8f6\"><div class=\"vcex-image-inner wpex-relative wpex-inline-block overlay-parent overlay-parent-title-excerpt-hover overlay-h wpex-overflow-hidden overlay-ms hvr hvr-grow vc_custom_1767990077669\"><a href=\"https:\/\/sirqc.com\/en\/enquete-domestique\/\"><img width=\"434\" height=\"275\" src=\"http:\/\/sirqc.com\/wp-content\/uploads\/2022\/04\/Domestic-Investigation.png\" class=\"vcex-image-img wpex-align-middle wpex-shadow-none\" alt=\"\" decoding=\"async\" loading=\"lazy\" srcset=\"https:\/\/sirqc.com\/wp-content\/uploads\/2022\/04\/Domestic-Investigation.png 434w, https:\/\/sirqc.com\/wp-content\/uploads\/2022\/04\/Domestic-Investigation-300x190.png 300w, https:\/\/sirqc.com\/wp-content\/uploads\/2022\/04\/Domestic-Investigation-18x12.png 18w\" sizes=\"(max-width: 434px) 100vw, 434px\" \/>\n<div class=\"overlay-title-excerpt-hover overlay-hide theme-overlay wpex-absolute wpex-inset-0 wpex-transition-all wpex-duration-300 wpex-overflow-hidden wpex-flex wpex-items-center wpex-justify-center wpex-text-center\">\n\t<div class=\"overlay-bg wpex-bg-black wpex-absolute wpex-inset-0 wpex-opacity-70\"><\/div>\n\t<div class=\"overlay-content overlay-scale wpex-relative wpex-text-white wpex-p-15 wpex-duration-300 wpex-transition-transform wpex-clr\">\n\t\t<div class=\"overlay-title wpex-text-lg\">Domestic investigation<\/div>\n\t\t<div class=\"overlay-excerpt wpex-opacity-80 wpex-italic wpex-mt-10 wpex-last-mb-0\">Marital infidelity, child support, information gathering during a divorce, inheritance<\/div>\t<\/div>\n<\/div><\/a><\/div><\/figure><\/div><\/div><\/div><div class=\"wpb_column vc_column_container vc_col-sm-4\"><div class=\"vc_column-inner\"><div class=\"wpb_wrapper\"><style>.vcex-image.vcex_69e866449fd66 .vcex-image-img,.vcex-image.vcex_69e866449fd66 .overlay-parent{border-radius:3px;}<\/style><figure class=\"vcex-image vcex-module vcex_69e866449fd66\"><div class=\"vcex-image-inner wpex-relative wpex-inline-block overlay-parent overlay-parent-title-excerpt-hover overlay-h wpex-overflow-hidden overlay-ms hvr hvr-grow vc_custom_1767990100555\"><a href=\"https:\/\/sirqc.com\/en\/solvabilite-actifs\/\"><img width=\"434\" height=\"275\" src=\"http:\/\/sirqc.com\/wp-content\/uploads\/2023\/01\/Solvency-Assets.png\" class=\"vcex-image-img wpex-align-middle wpex-shadow-none\" alt=\"\" decoding=\"async\" loading=\"lazy\" srcset=\"https:\/\/sirqc.com\/wp-content\/uploads\/2023\/01\/Solvency-Assets.png 434w, https:\/\/sirqc.com\/wp-content\/uploads\/2023\/01\/Solvency-Assets-300x190.png 300w, https:\/\/sirqc.com\/wp-content\/uploads\/2023\/01\/Solvency-Assets-18x12.png 18w\" sizes=\"(max-width: 434px) 100vw, 434px\" \/>\n<div class=\"overlay-title-excerpt-hover overlay-hide theme-overlay wpex-absolute wpex-inset-0 wpex-transition-all wpex-duration-300 wpex-overflow-hidden wpex-flex wpex-items-center wpex-justify-center wpex-text-center\">\n\t<div class=\"overlay-bg wpex-bg-black wpex-absolute wpex-inset-0 wpex-opacity-70\"><\/div>\n\t<div class=\"overlay-content overlay-scale wpex-relative wpex-text-white wpex-p-15 wpex-duration-300 wpex-transition-transform wpex-clr\">\n\t\t<div class=\"overlay-title wpex-text-lg\">Solvabilit\u00e9 \/ actifs<\/div>\n\t\t<div class=\"overlay-excerpt wpex-opacity-80 wpex-italic wpex-mt-10 wpex-last-mb-0\">Verification of the individual or business profile<\/div>\t<\/div>\n<\/div><\/a><\/div><\/figure><\/div><\/div><\/div><div class=\"wpb_column vc_column_container vc_col-sm-4\"><div class=\"vc_column-inner\"><div class=\"wpb_wrapper\"><style>.vcex-image.vcex_69e86644a0253 .vcex-image-img,.vcex-image.vcex_69e86644a0253 .overlay-parent{border-radius:3px;}<\/style><figure class=\"vcex-image vcex-module vcex_69e86644a0253\"><div class=\"vcex-image-inner wpex-relative wpex-inline-block overlay-parent overlay-parent-title-excerpt-hover overlay-h wpex-overflow-hidden overlay-ms hvr hvr-grow vc_custom_1767990105074\"><a href=\"https:\/\/sirqc.com\/en\/detection-de-materiel-despionnage\/\"><img width=\"434\" height=\"275\" src=\"http:\/\/sirqc.com\/wp-content\/uploads\/2022\/04\/Detection-of-spy-equipment.png\" class=\"vcex-image-img wpex-align-middle wpex-shadow-none\" alt=\"\" decoding=\"async\" loading=\"lazy\" srcset=\"https:\/\/sirqc.com\/wp-content\/uploads\/2022\/04\/Detection-of-spy-equipment.png 434w, https:\/\/sirqc.com\/wp-content\/uploads\/2022\/04\/Detection-of-spy-equipment-300x190.png 300w, https:\/\/sirqc.com\/wp-content\/uploads\/2022\/04\/Detection-of-spy-equipment-18x12.png 18w\" sizes=\"(max-width: 434px) 100vw, 434px\" \/>\n<div class=\"overlay-title-excerpt-hover overlay-hide theme-overlay wpex-absolute wpex-inset-0 wpex-transition-all wpex-duration-300 wpex-overflow-hidden wpex-flex wpex-items-center wpex-justify-center wpex-text-center\">\n\t<div class=\"overlay-bg wpex-bg-black wpex-absolute wpex-inset-0 wpex-opacity-70\"><\/div>\n\t<div class=\"overlay-content overlay-scale wpex-relative wpex-text-white wpex-p-15 wpex-duration-300 wpex-transition-transform wpex-clr\">\n\t\t<div class=\"overlay-title wpex-text-lg\">Detection of Spy Equipment<\/div>\n\t\t<div class=\"overlay-excerpt wpex-opacity-80 wpex-italic wpex-mt-10 wpex-last-mb-0\">Bug detection, hidden camera, GPS, spyware<\/div>\t<\/div>\n<\/div><\/a><\/div><\/figure><\/div><\/div><\/div><\/div><\/div><\/div><\/div><\/div><div class=\"vc_row-full-width vc_clearfix\"><\/div><div data-vc-full-width=\"true\" data-vc-full-width-init=\"false\" class=\"vc_row wpb_row vc_row-fluid vc_custom_1648225090853 wpex-vc_row-has-fill wpex-vc-row-stretched no-bottom-margins\"><div class=\"wpb_column vc_column_container vc_col-sm-12\"><div class=\"vc_column-inner\"><div class=\"wpb_wrapper\"><style>.vcex-heading.vcex_69e86644a0b25{color:#ffffff;font-size:28px;}.vcex-heading.vcex_69e86644a0b25 .vcex-heading-inner:hover{color:#ffffff;}<\/style><h1 class=\"vcex-heading vcex-heading-plain vcex-module wpex-text-2xl wpex-font-normal wpex-text-center vcex_69e86644a0b25\"><span class=\"vcex-heading-inner wpex-inline-block wpex-shadow-none\">SIR Qu\u00e9bec is a legally incorporated investigation agency holding a license issued by the Bureau de la s\u00e9curit\u00e9 priv\u00e9e.<\/span><\/h1><\/div><\/div><\/div><\/div><div class=\"vc_row-full-width vc_clearfix\"><\/div><div class=\"vc_row wpb_row vc_row-fluid\"><div class=\"wpb_column vc_column_container vc_col-sm-12\"><div class=\"vc_column-inner\"><div class=\"wpb_wrapper\"><\/div><\/div><\/div><\/div>","protected":false},"excerpt":{"rendered":"SIR Qu\u00e9bec Agence d'investigation priv\u00e9e Pourquoi devriez-vous nous confier votre dossier? SIR Qu\u00e9bec est une agence d'investigation priv\u00e9e r\u00e9put\u00e9e partout dans la province de Qu\u00e9bec. Afin de bien r\u00e9pondre \u00e0 vos besoins, nous vous offrons une gamme de services d'enqu\u00eates priv\u00e9es vari\u00e9e, professionnelle et bas\u00e9e sur l'expertise de nos enqu\u00eateurs. Tous nos dossiers sont trait\u00e9s&hellip;","protected":false},"author":1,"featured_media":0,"parent":0,"menu_order":0,"comment_status":"closed","ping_status":"closed","template":"","meta":{"footnotes":""},"_links":{"self":[{"href":"https:\/\/sirqc.com\/en\/wp-json\/wp\/v2\/pages\/37"}],"collection":[{"href":"https:\/\/sirqc.com\/en\/wp-json\/wp\/v2\/pages"}],"about":[{"href":"https:\/\/sirqc.com\/en\/wp-json\/wp\/v2\/types\/page"}],"author":[{"embeddable":true,"href":"https:\/\/sirqc.com\/en\/wp-json\/wp\/v2\/users\/1"}],"replies":[{"embeddable":true,"href":"https:\/\/sirqc.com\/en\/wp-json\/wp\/v2\/comments?post=37"}],"version-history":[{"count":23,"href":"https:\/\/sirqc.com\/en\/wp-json\/wp\/v2\/pages\/37\/revisions"}],"predecessor-version":[{"id":455,"href":"https:\/\/sirqc.com\/en\/wp-json\/wp\/v2\/pages\/37\/revisions\/455"}],"wp:attachment":[{"href":"https:\/\/sirqc.com\/en\/wp-json\/wp\/v2\/media?parent=37"}],"curies":[{"name":"wp","href":"https:\/\/api.w.org\/{rel}","templated":true}]}}