{"id":43,"date":"2021-01-20T00:17:58","date_gmt":"2021-01-20T00:17:58","guid":{"rendered":"https:\/\/total.wpexplorer.com\/square-media\/?page_id=43"},"modified":"2026-01-12T18:16:32","modified_gmt":"2026-01-12T18:16:32","slug":"filature-et-infiltration","status":"publish","type":"page","link":"https:\/\/sirqc.com\/en\/filature-et-infiltration\/","title":{"rendered":"Tailing and Infiltration"},"content":{"rendered":"<div class=\"vc_row wpb_row vc_row-fluid\"><div class=\"wpb_column vc_column_container vc_col-sm-12\"><div class=\"vc_column-inner\"><div class=\"wpb_wrapper\">\n\t<div  class=\"wpb_single_image wpb_content_element vc_align_\">\n\t\t\n\t\t<figure class=\"wpb_wrapper vc_figure\">\n\t\t\t<div class=\"vc_single_image-wrapper   vc_box_border_grey\"><img width=\"849\" height=\"345\" src=\"https:\/\/sirqc.com\/wp-content\/uploads\/2022\/03\/private-big-1.jpg\" class=\"vc_single_image-img attachment-full\" alt=\"\" decoding=\"async\" title=\"Tailing and Infiltration\" loading=\"lazy\" srcset=\"https:\/\/sirqc.com\/wp-content\/uploads\/2022\/03\/private-big-1.jpg 849w, https:\/\/sirqc.com\/wp-content\/uploads\/2022\/03\/private-big-1-300x122.jpg 300w, https:\/\/sirqc.com\/wp-content\/uploads\/2022\/03\/private-big-1-768x312.jpg 768w\" sizes=\"(max-width: 849px) 100vw, 849px\" \/><\/div>\n\t\t<span class=\"wpb_single_image_caption\">Tailing and Infiltration<\/span><\/figure>\n\t<\/div>\n<\/div><\/div><\/div><\/div><div class=\"vc_row wpb_row vc_row-fluid\"><div class=\"wpb_column vc_column_container vc_col-sm-12\"><div class=\"vc_column-inner\"><div class=\"wpb_wrapper\">\n\t<div class=\"wpb_text_column wpb_content_element\" >\n\t\t<div class=\"wpb_wrapper\">\n\t\t\t<div class=\"ABC nxs-height100\">\n<div class=\"XYZ\">\n<div class=\"nxs-placeholder-content-wrap nxs-crop\">\n<div id=\"nxs-widget-l1265175964\" class=\"nxs-widget nxs-widget-l1265175964 nxs-text\">\n<div class=\"nxs-default-p nxs-applylinkvarcolor nxs-padding-bottom0 nxs-align-left\">\n<h2>CNESST<\/h2>\n<p>Some repeated claims often prove to be questionable or excessive and result in unnecessary costs. Our surveillance investigators can follow the employee in question and provide you with video footage and photos of their activities, along with a detailed report to ensure nothing is left to chance.<\/p>\n<h2>Union raiding<\/h2>\n<p>Unions can benefit from having an undercover officer on the ground who can describe to them the pressures that workers are under from another union organisation and thus prevent legal action.<\/p>\n<h2>Bullying and harassment<\/h2>\n<p>It is often difficult to determine whether complaints of harassment or intimidation are based on real facts or on a smear campaign by jealous colleagues or reactions to organizational restructuring. To effectively address the issue, you must ensure that you have tangible evidence and valid witness statements in hand.<\/p>\n<h2>Theft<\/h2>\n<p>Whether it is a theft of equipment or time, our agents will be able to inform you of the techniques used by your employees to circumvent your guidelines and the security systems already in place.<\/p>\n<h2>Vandalism<\/h2>\n<p>In addition to camera surveillance, a physical presence at the scene of an act of vandalism allows evidence to be gathered and suspects to be apprehended when the crime is committed.<\/p>\n<h2>Productivity<\/h2>\n<p>Some factors can affect employee productivity. Whether it is the presence of a negative leader or inadequate equipment, our agents will provide you with a detailed report so that you can take the necessary measures.<\/p>\n<p>&nbsp;<\/p>\n<h2>Monitoring<\/h2>\n<h4><\/h4>\n<h5>GPS<\/h5>\n<p>GPS tracking allows for the tracking of movements in order to understand the subject's habits.<\/p>\n<h5>Drone<\/h5>\n<p>Our drone service allows us to conduct reconnaissance in locations that are not accessible by land or when maintaining a certain distance is necessary to ensure the discretion of our operations.<\/p>\n<h5>Hidden cameras<\/h5>\n<p>Our hidden cameras are state of the art and are available in a variety of forms and ranges to meet your diverse needs.<\/p>\n<h5>Surveillance cameras<\/h5>\n<p>We sell surveillance cameras, infrared cameras, anti vandalism cameras and other solutions that can equip an entire building or monitor a single door or a backyard. For installation, we can refer you to a company that holds the required license.<\/p>\n<\/div>\n<\/div>\n<\/div>\n<\/div>\n<\/div>\n\n\t\t<\/div>\n\t<\/div>\n<\/div><\/div><\/div><\/div>","protected":false},"excerpt":{"rendered":"Filature et infiltration CNESST Certaines r\u00e9clamations \u00e0 r\u00e9p\u00e9tition s'av\u00e8rent souvent douteuses ou excessives et engendrent des frais dont on pourrait bien se passer. Nos fileurs peuvent suivre l\u2019employ\u00e9 en question et vous fournir des bandes-vid\u00e9o et des photos de ses activit\u00e9s, ainsi qu\u2019un rapport d\u00e9taill\u00e9 afin de ne rien laisser au hasard. Maraudage syndical Les&hellip;","protected":false},"author":1,"featured_media":0,"parent":0,"menu_order":0,"comment_status":"closed","ping_status":"closed","template":"templates\/right-sidebar.php","meta":{"footnotes":""},"_links":{"self":[{"href":"https:\/\/sirqc.com\/en\/wp-json\/wp\/v2\/pages\/43"}],"collection":[{"href":"https:\/\/sirqc.com\/en\/wp-json\/wp\/v2\/pages"}],"about":[{"href":"https:\/\/sirqc.com\/en\/wp-json\/wp\/v2\/types\/page"}],"author":[{"embeddable":true,"href":"https:\/\/sirqc.com\/en\/wp-json\/wp\/v2\/users\/1"}],"replies":[{"embeddable":true,"href":"https:\/\/sirqc.com\/en\/wp-json\/wp\/v2\/comments?post=43"}],"version-history":[{"count":8,"href":"https:\/\/sirqc.com\/en\/wp-json\/wp\/v2\/pages\/43\/revisions"}],"predecessor-version":[{"id":466,"href":"https:\/\/sirqc.com\/en\/wp-json\/wp\/v2\/pages\/43\/revisions\/466"}],"wp:attachment":[{"href":"https:\/\/sirqc.com\/en\/wp-json\/wp\/v2\/media?parent=43"}],"curies":[{"name":"wp","href":"https:\/\/api.w.org\/{rel}","templated":true}]}}