{"id":433,"date":"2024-04-23T14:40:58","date_gmt":"2024-04-23T14:40:58","guid":{"rendered":"https:\/\/sirqc.com\/?page_id=433"},"modified":"2024-04-23T15:06:20","modified_gmt":"2024-04-23T15:06:20","slug":"emploi","status":"publish","type":"page","link":"https:\/\/sirqc.com\/en\/emploi\/","title":{"rendered":"Emploi"},"content":{"rendered":"<div class=\"vc_row wpb_row vc_row-fluid\"><div class=\"wpb_column vc_column_container vc_col-sm-2\"><div class=\"vc_column-inner\"><div class=\"wpb_wrapper\"><\/div><\/div><\/div><div class=\"wpb_column vc_column_container vc_col-sm-8\"><div class=\"vc_column-inner\"><div class=\"wpb_wrapper\"><div class=\"vc_empty_space\"   style=\"height: 25px\"><span class=\"vc_empty_space_inner\"><\/span><\/div><style>.vcex-heading.vcex_69ea53c04c964{font-size:35px;}<\/style><h1 class=\"vcex-heading vcex-heading-plain vcex-module wpex-text-2xl wpex-font-normal wpex-text-center vcex_69ea53c04c964\"><span class=\"vcex-heading-inner wpex-inline-block\">Rejoignez notre \u00e9quipe d'enqu\u00eateurs priv\u00e9s<\/span><\/h1><div class=\"vc_empty_space\"   style=\"height: 15px\"><span class=\"vc_empty_space_inner\"><\/span><\/div>\n\t<div style=\"text-align:center;\" class=\"wpb_text_column wpb_content_element\" >\n\t\t<div class=\"wpb_wrapper\">\n\t\t\t<p>Vous \u00eates passionn\u00e9 par la r\u00e9solution de myst\u00e8res et vous avez un \u0153il aiguis\u00e9 pour les d\u00e9tails? Votre curiosit\u00e9 n&rsquo;a d&rsquo;\u00e9gal que votre discr\u00e9tion? Si oui, nous avons l&rsquo;opportunit\u00e9 parfaite pour vous.<\/p>\n\n\t\t<\/div>\n\t<\/div>\n<\/div><\/div><\/div><div class=\"wpb_column vc_column_container vc_col-sm-2\"><div class=\"vc_column-inner\"><div class=\"wpb_wrapper\"><\/div><\/div><\/div><\/div><div class=\"vc_row wpb_row vc_row-fluid vc_row-o-content-middle vc_row-flex\"><div class=\"wpb_column vc_column_container vc_col-sm-6\"><div class=\"vc_column-inner\"><div class=\"wpb_wrapper\"><figure class=\"vcex-image vcex-module\"><div class=\"vcex-image-inner wpex-relative wpex-inline-block\"><img width=\"1200\" height=\"628\" src=\"https:\/\/sirqc.com\/wp-content\/uploads\/2024\/04\/SIR-Quebec-visuels-emploi.jpg\" class=\"vcex-image-img wpex-align-middle skip-lazy\" alt=\"\" fetchpriority=\"high\" srcset=\"https:\/\/sirqc.com\/wp-content\/uploads\/2024\/04\/SIR-Quebec-visuels-emploi.jpg 1200w, https:\/\/sirqc.com\/wp-content\/uploads\/2024\/04\/SIR-Quebec-visuels-emploi-300x157.jpg 300w, https:\/\/sirqc.com\/wp-content\/uploads\/2024\/04\/SIR-Quebec-visuels-emploi-1024x536.jpg 1024w, https:\/\/sirqc.com\/wp-content\/uploads\/2024\/04\/SIR-Quebec-visuels-emploi-768x402.jpg 768w, https:\/\/sirqc.com\/wp-content\/uploads\/2024\/04\/SIR-Quebec-visuels-emploi-18x9.jpg 18w\" sizes=\"(max-width: 1200px) 100vw, 1200px\" \/><\/div><\/figure><\/div><\/div><\/div><div class=\"wpb_column vc_column_container vc_col-sm-6\"><div class=\"vc_column-inner\"><div class=\"wpb_wrapper\">\n\t<div class=\"wpb_text_column wpb_content_element\" >\n\t\t<div class=\"wpb_wrapper\">\n\t\t\t<h2>Enqu\u00eateur priv\u00e9<\/h2>\n<p>Nous sommes \u00e0 la recherche d&rsquo;un enqu\u00eateur dynamique et d\u00e9brouillard pour rejoindre notre \u00e9quipe. Si vous avez le go\u00fbt du challenge et une capacit\u00e9 exceptionnelle \u00e0 g\u00e9rer le stress, ce poste est pour vous.<\/p>\n<p>Vous devez avoir votre permis valide du Bureau de la s\u00e9curit\u00e9 priv\u00e9e (BSP).<br \/>\nExcellente capacit\u00e9 \u00e0 g\u00e9rer le stress dans des situations vari\u00e9es.<br \/>\nAutonomie et forte capacit\u00e9 \u00e0 trouver des solutions innovantes face aux obstacles.<\/p>\n<p>Salaire comp\u00e9titif \u00e0 discuter lors de l&rsquo;entrevue.<\/p>\n<p>Nous offrons un environnement de travail stimulant et des opportunit\u00e9s de d\u00e9veloppement professionnel continu. Si vous \u00eates motiv\u00e9 par l&rsquo;id\u00e9e de contribuer \u00e0 des missions critiques et que vous poss\u00e9dez les comp\u00e9tences n\u00e9cessaires, nous serions ravis de vous rencontrer.<\/p>\n<p>Pour postuler, veuillez remplir le formulaire ci-dessous.<\/p>\n\n\t\t<\/div>\n\t<\/div>\n<\/div><\/div><\/div><\/div><div class=\"vc_row wpb_row vc_row-fluid\"><div class=\"wpb_column vc_column_container vc_col-sm-2\"><div class=\"vc_column-inner\"><div class=\"wpb_wrapper\"><\/div><\/div><\/div><div class=\"wpb_column vc_column_container vc_col-sm-8\"><div class=\"vc_column-inner\"><div class=\"wpb_wrapper\"><h1 class=\"vcex-heading vcex-heading-plain vcex-module wpex-text-2xl wpex-font-normal wpex-text-center\"><span class=\"vcex-heading-inner wpex-inline-block\">Compl\u00e9tez le formulaire suivant afin d\u2019appliquer chez nous<\/span><\/h1><div class=\"vc_empty_space\"   style=\"height: 15px\"><span class=\"vc_empty_space_inner\"><\/span><\/div><div class=\"vcex-form-shortcode vcex-module wpex-form wpex-m-auto wpex-max-w-100 full-width-input\">\n<div class=\"wpcf7 no-js\" id=\"wpcf7-f432-o1\" lang=\"fr-CA\" dir=\"ltr\">\n<div class=\"screen-reader-response\"><p role=\"status\" aria-live=\"polite\" aria-atomic=\"true\"><\/p> <ul><\/ul><\/div>\n<form action=\"\/en\/wp-json\/wp\/v2\/pages\/433#wpcf7-f432-o1\" method=\"post\" class=\"wpcf7-form init\" aria-label=\"Contact form\" enctype=\"multipart\/form-data\" novalidate=\"novalidate\" data-status=\"init\" data-trp-original-action=\"\/en\/wp-json\/wp\/v2\/pages\/433#wpcf7-f432-o1\">\n<div style=\"display: none;\">\n<input type=\"hidden\" name=\"_wpcf7\" value=\"432\" \/>\n<input type=\"hidden\" name=\"_wpcf7_version\" value=\"5.9.3\" \/>\n<input type=\"hidden\" name=\"_wpcf7_locale\" value=\"fr_CA\" \/>\n<input type=\"hidden\" name=\"_wpcf7_unit_tag\" value=\"wpcf7-f432-o1\" \/>\n<input type=\"hidden\" name=\"_wpcf7_container_post\" value=\"0\" \/>\n<input type=\"hidden\" name=\"_wpcf7_posted_data_hash\" value=\"\" \/>\n<\/div>\n<p><label> Votre nom complet<br \/>\n<span class=\"wpcf7-form-control-wrap\" data-name=\"votre-nom\"><input size=\"40\" class=\"wpcf7-form-control wpcf7-text wpcf7-validates-as-required\" aria-required=\"true\" aria-invalid=\"false\" value=\"\" type=\"text\" name=\"votre-nom\" \/><\/span> <\/label>\n<\/p>\n<p><label> Votre courriel<br \/>\n<span class=\"wpcf7-form-control-wrap\" data-name=\"votre-courriel\"><input size=\"40\" class=\"wpcf7-form-control wpcf7-email wpcf7-validates-as-required wpcf7-text wpcf7-validates-as-email\" aria-required=\"true\" aria-invalid=\"false\" value=\"\" type=\"email\" name=\"votre-courriel\" \/><\/span> <\/label>\n<\/p>\n<p><label> Votre num\u00e9ro de t\u00e9l\u00e9phone<br \/>\n<span class=\"wpcf7-form-control-wrap\" data-name=\"votre-telephone\"><input size=\"40\" class=\"wpcf7-form-control wpcf7-tel wpcf7-validates-as-required wpcf7-text wpcf7-validates-as-tel\" aria-required=\"true\" aria-invalid=\"false\" value=\"\" type=\"tel\" name=\"votre-telephone\" \/><\/span> <\/label>\n<\/p>\n<p><label>Dans quelle ville \u00eates-vous situ\u00e9?<br \/>\n<span class=\"wpcf7-form-control-wrap\" data-name=\"Ville\"><input size=\"40\" class=\"wpcf7-form-control wpcf7-text wpcf7-validates-as-required\" aria-required=\"true\" aria-invalid=\"false\" value=\"\" type=\"text\" name=\"Ville\" \/><\/span><\/label>\n<\/p>\n<p>Avez-vous votre permis valide d'investigation du BSP?<br \/>\n<span class=\"wpcf7-form-control-wrap\" data-name=\"permis\"><span class=\"wpcf7-form-control wpcf7-checkbox wpcf7-validates-as-required\"><span class=\"wpcf7-list-item first\"><input type=\"checkbox\" name=\"permis[]\" value=\"Oui\" \/><span class=\"wpcf7-list-item-label\">Oui<\/span><\/span><span class=\"wpcf7-list-item last\"><input type=\"checkbox\" name=\"permis[]\" value=\"Non\" \/><span class=\"wpcf7-list-item-label\">Non<\/span><\/span><\/span><\/span>\n<\/p>\n<p>N'oubliez pas d'attacher votre C.V.<br \/>\n<span class=\"wpcf7-form-control-wrap\" data-name=\"CV\"><input size=\"40\" class=\"wpcf7-form-control wpcf7-file wpcf7-validates-as-required\" accept=\".pdf,.doc,.docx\" aria-required=\"true\" aria-invalid=\"false\" type=\"file\" name=\"CV\" \/><\/span>\n<\/p>\n<p><input class=\"wpcf7-form-control wpcf7-submit has-spinner\" type=\"submit\" value=\"Envoyer\" \/>\n<\/p><div class=\"wpcf7-response-output\" aria-hidden=\"true\"><\/div>\n<input type=\"hidden\" name=\"trp-form-language\" value=\"en\"\/><\/form>\n<\/div>\n<\/div><\/div><\/div><\/div><div class=\"wpb_column vc_column_container vc_col-sm-2\"><div class=\"vc_column-inner\"><div class=\"wpb_wrapper\"><\/div><\/div><\/div><\/div>","protected":false},"excerpt":{"rendered":"Rejoignez notre \u00e9quipe d'enqu\u00eateurs priv\u00e9s Vous \u00eates passionn\u00e9 par la r\u00e9solution de myst\u00e8res et vous avez un \u0153il aiguis\u00e9 pour les d\u00e9tails? Votre curiosit\u00e9 n'a d'\u00e9gal que votre discr\u00e9tion? Si oui, nous avons l'opportunit\u00e9 parfaite pour vous. Enqu\u00eateur priv\u00e9 Nous sommes \u00e0 la recherche d'un enqu\u00eateur dynamique et d\u00e9brouillard pour rejoindre notre \u00e9quipe. Si vous&hellip;","protected":false},"author":3,"featured_media":0,"parent":0,"menu_order":0,"comment_status":"closed","ping_status":"closed","template":"","meta":{"footnotes":""},"_links":{"self":[{"href":"https:\/\/sirqc.com\/en\/wp-json\/wp\/v2\/pages\/433"}],"collection":[{"href":"https:\/\/sirqc.com\/en\/wp-json\/wp\/v2\/pages"}],"about":[{"href":"https:\/\/sirqc.com\/en\/wp-json\/wp\/v2\/types\/page"}],"author":[{"embeddable":true,"href":"https:\/\/sirqc.com\/en\/wp-json\/wp\/v2\/users\/3"}],"replies":[{"embeddable":true,"href":"https:\/\/sirqc.com\/en\/wp-json\/wp\/v2\/comments?post=433"}],"version-history":[{"count":14,"href":"https:\/\/sirqc.com\/en\/wp-json\/wp\/v2\/pages\/433\/revisions"}],"predecessor-version":[{"id":448,"href":"https:\/\/sirqc.com\/en\/wp-json\/wp\/v2\/pages\/433\/revisions\/448"}],"wp:attachment":[{"href":"https:\/\/sirqc.com\/en\/wp-json\/wp\/v2\/media?parent=433"}],"curies":[{"name":"wp","href":"https:\/\/api.w.org\/{rel}","templated":true}]}}